{"id":378319,"date":"2024-04-27T06:59:47","date_gmt":"2024-04-27T06:59:47","guid":{"rendered":"https:\/\/ladyxena-fr.com\/?post_type=product&#038;p=378319"},"modified":"2024-04-27T06:59:47","modified_gmt":"2024-04-27T06:59:47","slug":"vanlentine","status":"publish","type":"product","link":"https:\/\/ladyxena-fr.com\/fr\/escort\/vanlentine\/","title":{"rendered":"Vanlentine"},"content":{"rendered":"<p>Je cherche juste une relation simple et sans mensonge ! Je suis une femme ind\u00e9pendante, qui aime jouer. On se d\u00e9couvre, et si \u00e7a match, j&#039;ai un monde de plaisir \u00e0 partager.<\/p>","protected":false},"excerpt":{"rendered":"<p>Je cherche juste une relation simple et sans mensonge ! Je suis une femme ind\u00e9pendante, qui aime jouer. On se d\u00e9couvre, et si \u00e7a match, j&#039;ai un monde de plaisir \u00e0 partager.<\/p>","protected":false},"featured_media":12378941,"template":"","meta":[],"product_brand":[],"product_cat":[2629],"product_tag":[2545,2551,2547,2543,2544,2552,2548,2546,2549,2542,2550,2553],"class_list":{"0":"post-378319","1":"product","2":"type-product","3":"status-publish","4":"has-post-thumbnail","6":"product_cat-strasbourg-escorts","7":"product_tag-escort-dates","8":"product_tag-escort-fr","9":"product_tag-escort-sex","10":"product_tag-euro-escort","11":"product_tag-euro-girl-escort","12":"product_tag-french-escort","13":"product_tag-girl-hook-ups","14":"product_tag-hook-ups","15":"product_tag-sex-model","16":"product_tag-sexmodel","17":"product_tag-site-escort","18":"product_tag-stocking-escort","19":"pa_enjoys-escorts-who-like-or-enjoy-69","20":"pa_enjoys-escorts-who-like-or-enjoy-anal","21":"pa_enjoys-escorts-who-like-or-enjoy-bdsm","22":"pa_enjoys-escorts-who-like-or-enjoy-bondage","23":"pa_enjoys-escorts-who-like-or-enjoy-deepthroat","24":"pa_enjoys-escorts-who-like-or-enjoy-facials","25":"pa_enjoys-escorts-who-like-or-enjoy-jerk-off-instructions","26":"pa_enjoys-escorts-who-like-or-enjoy-latex","27":"pa_enjoys-escorts-who-like-or-enjoy-long-foreplay","28":"pa_enjoys-escorts-who-like-or-enjoy-nylon","29":"pa_enjoys-escorts-who-like-or-enjoy-oral-sex","30":"pa_enjoys-escorts-who-like-or-enjoy-reverse-cowgirl","31":"pa_enjoys-escorts-who-like-or-enjoy-role-play","32":"pa_enjoys-escorts-who-like-or-enjoy-romantic","33":"pa_enjoys-escorts-who-like-or-enjoy-sm","34":"pa_enjoys-escorts-who-like-or-enjoy-whip","35":"pa_enjoys-lingerie-escorts","37":"first","38":"instock","39":"shipping-taxable","40":"product-type-external"},"yoast_head":"<!-- This site is optimized with the Yoast SEO Premium plugin v22.3 (Yoast SEO v27.0) - https:\/\/yoast.com\/product\/yoast-seo-premium-wordpress\/ -->\n<title>Vanlentine - Ladyxena<\/title>\n<meta name=\"description\" content=\"Vanlentine is a girl that is available as an escort for you to contact. Contact Vanlentine today. Ladyxena\" \/>\n<meta name=\"robots\" content=\"index, follow, max-snippet:-1, max-image-preview:large, max-video-preview:-1\" \/>\n<link rel=\"canonical\" href=\"https:\/\/ladyxena-fr.com\/fr\/escorte\/vanlentine\/\" \/>\n<meta property=\"og:locale\" content=\"fr_FR\" \/>\n<meta property=\"og:type\" content=\"article\" \/>\n<meta property=\"og:title\" content=\"Vanlentine\" \/>\n<meta property=\"og:description\" content=\"Vanlentine is a girl that is available as an escort for you to contact. Contact Vanlentine today. Ladyxena\" \/>\n<meta property=\"og:url\" content=\"https:\/\/ladyxena-fr.com\/fr\/escorte\/vanlentine\/\" \/>\n<meta property=\"og:site_name\" content=\"Ladyxena\" \/>\n<meta property=\"og:image\" content=\"https:\/\/ladyxena-fr.com\/wp-content\/uploads\/2024\/04\/378319_50.jpg\" \/>\n\t<meta property=\"og:image:width\" content=\"270\" \/>\n\t<meta property=\"og:image:height\" content=\"400\" \/>\n\t<meta property=\"og:image:type\" content=\"image\/jpeg\" \/>\n<meta name=\"twitter:card\" content=\"summary_large_image\" \/>\n<script type=\"application\/ld+json\" class=\"yoast-schema-graph\">{\"@context\":\"https:\/\/schema.org\",\"@graph\":[{\"@type\":\"WebPage\",\"@id\":\"https:\/\/ladyxena-fr.com\/escort\/vanlentine\/\",\"url\":\"https:\/\/ladyxena-fr.com\/escort\/vanlentine\/\",\"name\":\"Vanlentine - Ladyxena\",\"isPartOf\":{\"@id\":\"https:\/\/ladyxena-fr.com\/#website\"},\"primaryImageOfPage\":{\"@id\":\"https:\/\/ladyxena-fr.com\/escort\/vanlentine\/#primaryimage\"},\"image\":{\"@id\":\"https:\/\/ladyxena-fr.com\/escort\/vanlentine\/#primaryimage\"},\"thumbnailUrl\":\"https:\/\/ladyxena-fr.com\/wp-content\/uploads\/2024\/04\/378319_50.jpg\",\"datePublished\":\"2024-04-27T06:59:47+00:00\",\"description\":\"Vanlentine is a girl that is available as an escort for you to contact. Contact Vanlentine today. Ladyxena\",\"breadcrumb\":{\"@id\":\"https:\/\/ladyxena-fr.com\/escort\/vanlentine\/#breadcrumb\"},\"inLanguage\":\"fr-FR\",\"potentialAction\":[{\"@type\":\"ReadAction\",\"target\":[\"https:\/\/ladyxena-fr.com\/escort\/vanlentine\/\"]}]},{\"@type\":\"ImageObject\",\"inLanguage\":\"fr-FR\",\"@id\":\"https:\/\/ladyxena-fr.com\/escort\/vanlentine\/#primaryimage\",\"url\":\"https:\/\/ladyxena-fr.com\/wp-content\/uploads\/2024\/04\/378319_50.jpg\",\"contentUrl\":\"https:\/\/ladyxena-fr.com\/wp-content\/uploads\/2024\/04\/378319_50.jpg\",\"width\":270,\"height\":400,\"caption\":\"Vanlentine\"},{\"@type\":\"BreadcrumbList\",\"@id\":\"https:\/\/ladyxena-fr.com\/escort\/vanlentine\/#breadcrumb\",\"itemListElement\":[{\"@type\":\"ListItem\",\"position\":1,\"name\":\"Home\",\"item\":\"https:\/\/ladyxena-fr.com\/\"},{\"@type\":\"ListItem\",\"position\":2,\"name\":\"Ladyxena\",\"item\":\"https:\/\/ladyxena-fr.com\/\"},{\"@type\":\"ListItem\",\"position\":3,\"name\":\"Vanlentine\"}]},{\"@type\":\"WebSite\",\"@id\":\"https:\/\/ladyxena-fr.com\/#website\",\"url\":\"https:\/\/ladyxena-fr.com\/\",\"name\":\"Escort WP\",\"description\":\"\",\"publisher\":{\"@id\":\"https:\/\/ladyxena-fr.com\/#organization\"},\"alternateName\":\"Escorts\",\"potentialAction\":[{\"@type\":\"SearchAction\",\"target\":{\"@type\":\"EntryPoint\",\"urlTemplate\":\"https:\/\/ladyxena-fr.com\/?s={search_term_string}\"},\"query-input\":{\"@type\":\"PropertyValueSpecification\",\"valueRequired\":true,\"valueName\":\"search_term_string\"}}],\"inLanguage\":\"fr-FR\"},{\"@type\":\"Organization\",\"@id\":\"https:\/\/ladyxena-fr.com\/#organization\",\"name\":\"Escort WP\",\"url\":\"https:\/\/ladyxena-fr.com\/\",\"logo\":{\"@type\":\"ImageObject\",\"inLanguage\":\"fr-FR\",\"@id\":\"https:\/\/ladyxena-fr.com\/#\/schema\/logo\/image\/\",\"url\":\"https:\/\/ladyxena-fr.com\/wp-content\/uploads\/2024\/04\/Ladyxena-fr.com_.png\",\"contentUrl\":\"https:\/\/ladyxena-fr.com\/wp-content\/uploads\/2024\/04\/Ladyxena-fr.com_.png\",\"width\":240,\"height\":62,\"caption\":\"Escort WP\"},\"image\":{\"@id\":\"https:\/\/ladyxena-fr.com\/#\/schema\/logo\/image\/\"}}]}<\/script>\n<!-- \/ Yoast SEO Premium plugin. -->","yoast_head_json":{"title":"Vanlentine - Ladyxena","description":"Vanlentine est une fille disponible comme escorte \u00e0 contacter. Contactez Vanlentine d\u00e8s aujourd\u2019hui. Ladyxena","robots":{"index":"index","follow":"follow","max-snippet":"max-snippet:-1","max-image-preview":"max-image-preview:large","max-video-preview":"max-video-preview:-1"},"canonical":"https:\/\/ladyxena-fr.com\/fr\/escorte\/vanlentine\/","og_locale":"fr_FR","og_type":"article","og_title":"Vanlentine","og_description":"Vanlentine is a girl that is available as an escort for you to contact. Contact Vanlentine today. Ladyxena","og_url":"https:\/\/ladyxena-fr.com\/fr\/escorte\/vanlentine\/","og_site_name":"Ladyxena","og_image":[{"width":270,"height":400,"url":"https:\/\/ladyxena-fr.com\/wp-content\/uploads\/2024\/04\/378319_50.jpg","type":"image\/jpeg"}],"twitter_card":"summary_large_image","schema":{"@context":"https:\/\/schema.org","@graph":[{"@type":"WebPage","@id":"https:\/\/ladyxena-fr.com\/escort\/vanlentine\/","url":"https:\/\/ladyxena-fr.com\/escort\/vanlentine\/","name":"Vanlentine - Ladyxena","isPartOf":{"@id":"https:\/\/ladyxena-fr.com\/#website"},"primaryImageOfPage":{"@id":"https:\/\/ladyxena-fr.com\/escort\/vanlentine\/#primaryimage"},"image":{"@id":"https:\/\/ladyxena-fr.com\/escort\/vanlentine\/#primaryimage"},"thumbnailUrl":"https:\/\/ladyxena-fr.com\/wp-content\/uploads\/2024\/04\/378319_50.jpg","datePublished":"2024-04-27T06:59:47+00:00","description":"Vanlentine est une fille disponible comme escorte \u00e0 contacter. Contactez Vanlentine d\u00e8s aujourd\u2019hui. Ladyxena","breadcrumb":{"@id":"https:\/\/ladyxena-fr.com\/escort\/vanlentine\/#breadcrumb"},"inLanguage":"fr-FR","potentialAction":[{"@type":"ReadAction","target":["https:\/\/ladyxena-fr.com\/escort\/vanlentine\/"]}]},{"@type":"ImageObject","inLanguage":"fr-FR","@id":"https:\/\/ladyxena-fr.com\/escort\/vanlentine\/#primaryimage","url":"https:\/\/ladyxena-fr.com\/wp-content\/uploads\/2024\/04\/378319_50.jpg","contentUrl":"https:\/\/ladyxena-fr.com\/wp-content\/uploads\/2024\/04\/378319_50.jpg","width":270,"height":400,"caption":"Vanlentine"},{"@type":"BreadcrumbList","@id":"https:\/\/ladyxena-fr.com\/escort\/vanlentine\/#breadcrumb","itemListElement":[{"@type":"ListItem","position":1,"name":"Home","item":"https:\/\/ladyxena-fr.com\/"},{"@type":"ListItem","position":2,"name":"Ladyxena","item":"https:\/\/ladyxena-fr.com\/"},{"@type":"ListItem","position":3,"name":"Vanlentine"}]},{"@type":"WebSite","@id":"https:\/\/ladyxena-fr.com\/#website","url":"https:\/\/ladyxena-fr.com\/","name":"Escorte WP","description":"","publisher":{"@id":"https:\/\/ladyxena-fr.com\/#organization"},"alternateName":"Escorts","potentialAction":[{"@type":"SearchAction","target":{"@type":"EntryPoint","urlTemplate":"https:\/\/ladyxena-fr.com\/?s={search_term_string}"},"query-input":{"@type":"PropertyValueSpecification","valueRequired":true,"valueName":"search_term_string"}}],"inLanguage":"fr-FR"},{"@type":"Organization","@id":"https:\/\/ladyxena-fr.com\/#organization","name":"Escorte WP","url":"https:\/\/ladyxena-fr.com\/","logo":{"@type":"ImageObject","inLanguage":"fr-FR","@id":"https:\/\/ladyxena-fr.com\/#\/schema\/logo\/image\/","url":"https:\/\/ladyxena-fr.com\/wp-content\/uploads\/2024\/04\/Ladyxena-fr.com_.png","contentUrl":"https:\/\/ladyxena-fr.com\/wp-content\/uploads\/2024\/04\/Ladyxena-fr.com_.png","width":240,"height":62,"caption":"Escort WP"},"image":{"@id":"https:\/\/ladyxena-fr.com\/#\/schema\/logo\/image\/"}}]}},"_links":{"self":[{"href":"https:\/\/ladyxena-fr.com\/fr\/wp-json\/wp\/v2\/product\/378319","targetHints":{"allow":["GET"]}}],"collection":[{"href":"https:\/\/ladyxena-fr.com\/fr\/wp-json\/wp\/v2\/product"}],"about":[{"href":"https:\/\/ladyxena-fr.com\/fr\/wp-json\/wp\/v2\/types\/product"}],"wp:featuredmedia":[{"embeddable":true,"href":"https:\/\/ladyxena-fr.com\/fr\/wp-json\/wp\/v2\/media\/12378941"}],"wp:attachment":[{"href":"https:\/\/ladyxena-fr.com\/fr\/wp-json\/wp\/v2\/media?parent=378319"}],"wp:term":[{"taxonomy":"product_brand","embeddable":true,"href":"https:\/\/ladyxena-fr.com\/fr\/wp-json\/wp\/v2\/product_brand?post=378319"},{"taxonomy":"product_cat","embeddable":true,"href":"https:\/\/ladyxena-fr.com\/fr\/wp-json\/wp\/v2\/product_cat?post=378319"},{"taxonomy":"product_tag","embeddable":true,"href":"https:\/\/ladyxena-fr.com\/fr\/wp-json\/wp\/v2\/product_tag?post=378319"}],"curies":[{"name":"wp","href":"https:\/\/api.w.org\/{rel}","templated":true}]}}