{"id":378321,"date":"2024-04-29T07:04:35","date_gmt":"2024-04-29T07:04:35","guid":{"rendered":"https:\/\/ladyxena-fr.com\/?post_type=product&#038;p=378321"},"modified":"2024-04-29T07:04:35","modified_gmt":"2024-04-29T07:04:35","slug":"blondedenice","status":"publish","type":"product","link":"https:\/\/ladyxena-fr.com\/fr\/escort\/blondedenice\/","title":{"rendered":"BlondeDeNice"},"content":{"rendered":"<p>Moi c&#039;est Natasha , je suis une superbe blonde de Nice, oui je suis une authentique nicoise et une vraie blonde hihi, je suis une maman aussi, je suis c\u00e9libataire depuis la s\u00e9paration avec son p\u00e8re, et j&#039;ai d\u00e9teste de me remettre en selle, de faire de nouvelles rencontres, je suis tr\u00e8s ouverte et chaude comme la braise et je cherche un homme, un vrai, viril avec du poils au torse, pour passer de bons moments, bises<\/p>","protected":false},"excerpt":{"rendered":"<p>Moi c&#8217;est Natasha , je suis une superbe blonde de Nice, oui je suis une authentique nicoise et une vraie blonde hihi, je suis une maman aussi, je suis celibataire depuis la separation avec son pere, et j&#8217;ai hate de me remettre en selle, de faire de nouvelles rencontres, je suis tres ouverte et chaude &hellip; <a href=\"https:\/\/ladyxena-fr.com\/fr\/escort\/blondedenice\/\" class=\"more-link\">Continue reading <span class=\"screen-reader-text\">BlondeDeNice<\/span><\/a><\/p>","protected":false},"featured_media":12382985,"template":"","meta":[],"product_brand":[],"product_cat":[2561],"product_tag":[2545,2551,2547,2543,2544,2552,2548,2546,2549,2542,2550,2553],"class_list":{"0":"post-378321","1":"product","2":"type-product","3":"status-publish","4":"has-post-thumbnail","6":"product_cat-nice-escorts","7":"product_tag-escort-dates","8":"product_tag-escort-fr","9":"product_tag-escort-sex","10":"product_tag-euro-escort","11":"product_tag-euro-girl-escort","12":"product_tag-french-escort","13":"product_tag-girl-hook-ups","14":"product_tag-hook-ups","15":"product_tag-sex-model","16":"product_tag-sexmodel","17":"product_tag-site-escort","18":"product_tag-stocking-escort","19":"pa_enjoys-escorts-who-give-blowjobs","20":"pa_enjoys-escorts-who-like-or-enjoy-69","21":"pa_enjoys-escorts-who-like-or-enjoy-big-dick","22":"pa_enjoys-escorts-who-like-or-enjoy-cowgirl","23":"pa_enjoys-escorts-who-like-or-enjoy-creampie","24":"pa_enjoys-escorts-who-like-or-enjoy-deepthroat","25":"pa_enjoys-escorts-who-like-or-enjoy-handcuffs","26":"pa_enjoys-escorts-who-like-or-enjoy-no-condom","27":"pa_enjoys-escorts-who-like-or-enjoy-oral-sex","28":"pa_enjoys-escorts-with-big-tits","29":"pa_enjoys-hairy-pussy-escorts","31":"first","32":"instock","33":"shipping-taxable","34":"product-type-external"},"yoast_head":"<!-- This site is optimized with the Yoast SEO Premium plugin v22.3 (Yoast SEO v27.0) - https:\/\/yoast.com\/product\/yoast-seo-premium-wordpress\/ -->\n<title>BlondeDeNice - Ladyxena<\/title>\n<meta name=\"description\" content=\"BlondeDeNice is a girl that is available as an escort for you to contact. Contact BlondeDeNice today. Ladyxena\" \/>\n<meta name=\"robots\" content=\"index, follow, max-snippet:-1, max-image-preview:large, max-video-preview:-1\" \/>\n<link rel=\"canonical\" href=\"https:\/\/ladyxena-fr.com\/fr\/escorte\/blondedenice\/\" \/>\n<meta property=\"og:locale\" content=\"fr_FR\" \/>\n<meta property=\"og:type\" content=\"article\" \/>\n<meta property=\"og:title\" content=\"BlondeDeNice\" \/>\n<meta property=\"og:description\" content=\"BlondeDeNice is a girl that is available as an escort for you to contact. Contact BlondeDeNice today. Ladyxena\" \/>\n<meta property=\"og:url\" content=\"https:\/\/ladyxena-fr.com\/fr\/escorte\/blondedenice\/\" \/>\n<meta property=\"og:site_name\" content=\"Ladyxena\" \/>\n<meta property=\"og:image\" content=\"https:\/\/ladyxena-fr.com\/wp-content\/uploads\/2024\/04\/378321_50.jpg\" \/>\n\t<meta property=\"og:image:width\" content=\"1\" \/>\n\t<meta property=\"og:image:height\" content=\"1\" \/>\n\t<meta property=\"og:image:type\" content=\"image\/jpeg\" \/>\n<meta name=\"twitter:card\" content=\"summary_large_image\" \/>\n<script type=\"application\/ld+json\" class=\"yoast-schema-graph\">{\"@context\":\"https:\/\/schema.org\",\"@graph\":[{\"@type\":\"WebPage\",\"@id\":\"https:\/\/ladyxena-fr.com\/escort\/blondedenice\/\",\"url\":\"https:\/\/ladyxena-fr.com\/escort\/blondedenice\/\",\"name\":\"BlondeDeNice - Ladyxena\",\"isPartOf\":{\"@id\":\"https:\/\/ladyxena-fr.com\/#website\"},\"primaryImageOfPage\":{\"@id\":\"https:\/\/ladyxena-fr.com\/escort\/blondedenice\/#primaryimage\"},\"image\":{\"@id\":\"https:\/\/ladyxena-fr.com\/escort\/blondedenice\/#primaryimage\"},\"thumbnailUrl\":\"https:\/\/ladyxena-fr.com\/wp-content\/uploads\/2024\/04\/378321_50.jpg\",\"datePublished\":\"2024-04-29T07:04:35+00:00\",\"description\":\"BlondeDeNice is a girl that is available as an escort for you to contact. Contact BlondeDeNice today. Ladyxena\",\"breadcrumb\":{\"@id\":\"https:\/\/ladyxena-fr.com\/escort\/blondedenice\/#breadcrumb\"},\"inLanguage\":\"fr-FR\",\"potentialAction\":[{\"@type\":\"ReadAction\",\"target\":[\"https:\/\/ladyxena-fr.com\/escort\/blondedenice\/\"]}]},{\"@type\":\"ImageObject\",\"inLanguage\":\"fr-FR\",\"@id\":\"https:\/\/ladyxena-fr.com\/escort\/blondedenice\/#primaryimage\",\"url\":\"https:\/\/ladyxena-fr.com\/wp-content\/uploads\/2024\/04\/378321_50.jpg\",\"contentUrl\":\"https:\/\/ladyxena-fr.com\/wp-content\/uploads\/2024\/04\/378321_50.jpg\",\"caption\":\"BlondeDeNice\"},{\"@type\":\"BreadcrumbList\",\"@id\":\"https:\/\/ladyxena-fr.com\/escort\/blondedenice\/#breadcrumb\",\"itemListElement\":[{\"@type\":\"ListItem\",\"position\":1,\"name\":\"Home\",\"item\":\"https:\/\/ladyxena-fr.com\/\"},{\"@type\":\"ListItem\",\"position\":2,\"name\":\"Ladyxena\",\"item\":\"https:\/\/ladyxena-fr.com\/\"},{\"@type\":\"ListItem\",\"position\":3,\"name\":\"BlondeDeNice\"}]},{\"@type\":\"WebSite\",\"@id\":\"https:\/\/ladyxena-fr.com\/#website\",\"url\":\"https:\/\/ladyxena-fr.com\/\",\"name\":\"Escort WP\",\"description\":\"\",\"publisher\":{\"@id\":\"https:\/\/ladyxena-fr.com\/#organization\"},\"alternateName\":\"Escorts\",\"potentialAction\":[{\"@type\":\"SearchAction\",\"target\":{\"@type\":\"EntryPoint\",\"urlTemplate\":\"https:\/\/ladyxena-fr.com\/?s={search_term_string}\"},\"query-input\":{\"@type\":\"PropertyValueSpecification\",\"valueRequired\":true,\"valueName\":\"search_term_string\"}}],\"inLanguage\":\"fr-FR\"},{\"@type\":\"Organization\",\"@id\":\"https:\/\/ladyxena-fr.com\/#organization\",\"name\":\"Escort WP\",\"url\":\"https:\/\/ladyxena-fr.com\/\",\"logo\":{\"@type\":\"ImageObject\",\"inLanguage\":\"fr-FR\",\"@id\":\"https:\/\/ladyxena-fr.com\/#\/schema\/logo\/image\/\",\"url\":\"https:\/\/ladyxena-fr.com\/wp-content\/uploads\/2024\/04\/Ladyxena-fr.com_.png\",\"contentUrl\":\"https:\/\/ladyxena-fr.com\/wp-content\/uploads\/2024\/04\/Ladyxena-fr.com_.png\",\"width\":240,\"height\":62,\"caption\":\"Escort WP\"},\"image\":{\"@id\":\"https:\/\/ladyxena-fr.com\/#\/schema\/logo\/image\/\"}}]}<\/script>\n<!-- \/ Yoast SEO Premium plugin. -->","yoast_head_json":{"title":"BlondeDeNice - Ladyxena","description":"BlondeDeNice est une fille disponible comme escorte \u00e0 contacter. Contactez BlondeDeNice aujourd\u2019hui. Ladyxena","robots":{"index":"index","follow":"follow","max-snippet":"max-snippet:-1","max-image-preview":"max-image-preview:large","max-video-preview":"max-video-preview:-1"},"canonical":"https:\/\/ladyxena-fr.com\/fr\/escorte\/blondedenice\/","og_locale":"fr_FR","og_type":"article","og_title":"BlondeDeNice","og_description":"BlondeDeNice is a girl that is available as an escort for you to contact. Contact BlondeDeNice today. Ladyxena","og_url":"https:\/\/ladyxena-fr.com\/fr\/escorte\/blondedenice\/","og_site_name":"Ladyxena","og_image":[{"url":"https:\/\/ladyxena-fr.com\/wp-content\/uploads\/2024\/04\/378321_50.jpg","width":1,"height":1,"type":"image\/jpeg"}],"twitter_card":"summary_large_image","schema":{"@context":"https:\/\/schema.org","@graph":[{"@type":"WebPage","@id":"https:\/\/ladyxena-fr.com\/escort\/blondedenice\/","url":"https:\/\/ladyxena-fr.com\/escort\/blondedenice\/","name":"BlondeDeNice - Ladyxena","isPartOf":{"@id":"https:\/\/ladyxena-fr.com\/#website"},"primaryImageOfPage":{"@id":"https:\/\/ladyxena-fr.com\/escort\/blondedenice\/#primaryimage"},"image":{"@id":"https:\/\/ladyxena-fr.com\/escort\/blondedenice\/#primaryimage"},"thumbnailUrl":"https:\/\/ladyxena-fr.com\/wp-content\/uploads\/2024\/04\/378321_50.jpg","datePublished":"2024-04-29T07:04:35+00:00","description":"BlondeDeNice est une fille disponible comme escorte \u00e0 contacter. Contactez BlondeDeNice aujourd\u2019hui. Ladyxena","breadcrumb":{"@id":"https:\/\/ladyxena-fr.com\/escort\/blondedenice\/#breadcrumb"},"inLanguage":"fr-FR","potentialAction":[{"@type":"ReadAction","target":["https:\/\/ladyxena-fr.com\/escort\/blondedenice\/"]}]},{"@type":"ImageObject","inLanguage":"fr-FR","@id":"https:\/\/ladyxena-fr.com\/escort\/blondedenice\/#primaryimage","url":"https:\/\/ladyxena-fr.com\/wp-content\/uploads\/2024\/04\/378321_50.jpg","contentUrl":"https:\/\/ladyxena-fr.com\/wp-content\/uploads\/2024\/04\/378321_50.jpg","caption":"BlondeDeNice"},{"@type":"BreadcrumbList","@id":"https:\/\/ladyxena-fr.com\/escort\/blondedenice\/#breadcrumb","itemListElement":[{"@type":"ListItem","position":1,"name":"Home","item":"https:\/\/ladyxena-fr.com\/"},{"@type":"ListItem","position":2,"name":"Ladyxena","item":"https:\/\/ladyxena-fr.com\/"},{"@type":"ListItem","position":3,"name":"BlondeDeNice"}]},{"@type":"WebSite","@id":"https:\/\/ladyxena-fr.com\/#website","url":"https:\/\/ladyxena-fr.com\/","name":"Escorte WP","description":"","publisher":{"@id":"https:\/\/ladyxena-fr.com\/#organization"},"alternateName":"Escorts","potentialAction":[{"@type":"SearchAction","target":{"@type":"EntryPoint","urlTemplate":"https:\/\/ladyxena-fr.com\/?s={search_term_string}"},"query-input":{"@type":"PropertyValueSpecification","valueRequired":true,"valueName":"search_term_string"}}],"inLanguage":"fr-FR"},{"@type":"Organization","@id":"https:\/\/ladyxena-fr.com\/#organization","name":"Escorte WP","url":"https:\/\/ladyxena-fr.com\/","logo":{"@type":"ImageObject","inLanguage":"fr-FR","@id":"https:\/\/ladyxena-fr.com\/#\/schema\/logo\/image\/","url":"https:\/\/ladyxena-fr.com\/wp-content\/uploads\/2024\/04\/Ladyxena-fr.com_.png","contentUrl":"https:\/\/ladyxena-fr.com\/wp-content\/uploads\/2024\/04\/Ladyxena-fr.com_.png","width":240,"height":62,"caption":"Escort WP"},"image":{"@id":"https:\/\/ladyxena-fr.com\/#\/schema\/logo\/image\/"}}]}},"_links":{"self":[{"href":"https:\/\/ladyxena-fr.com\/fr\/wp-json\/wp\/v2\/product\/378321","targetHints":{"allow":["GET"]}}],"collection":[{"href":"https:\/\/ladyxena-fr.com\/fr\/wp-json\/wp\/v2\/product"}],"about":[{"href":"https:\/\/ladyxena-fr.com\/fr\/wp-json\/wp\/v2\/types\/product"}],"wp:featuredmedia":[{"embeddable":true,"href":"https:\/\/ladyxena-fr.com\/fr\/wp-json\/wp\/v2\/media\/12382985"}],"wp:attachment":[{"href":"https:\/\/ladyxena-fr.com\/fr\/wp-json\/wp\/v2\/media?parent=378321"}],"wp:term":[{"taxonomy":"product_brand","embeddable":true,"href":"https:\/\/ladyxena-fr.com\/fr\/wp-json\/wp\/v2\/product_brand?post=378321"},{"taxonomy":"product_cat","embeddable":true,"href":"https:\/\/ladyxena-fr.com\/fr\/wp-json\/wp\/v2\/product_cat?post=378321"},{"taxonomy":"product_tag","embeddable":true,"href":"https:\/\/ladyxena-fr.com\/fr\/wp-json\/wp\/v2\/product_tag?post=378321"}],"curies":[{"name":"wp","href":"https:\/\/api.w.org\/{rel}","templated":true}]}}