{"id":378432,"date":"2024-06-19T07:30:32","date_gmt":"2024-06-19T07:30:32","guid":{"rendered":"https:\/\/ladyxena-fr.com\/?post_type=product&#038;p=378432"},"modified":"2024-06-19T07:30:32","modified_gmt":"2024-06-19T07:30:32","slug":"chrispoilue","status":"publish","type":"product","link":"https:\/\/ladyxena-fr.com\/fr\/escort\/chrispoilue\/","title":{"rendered":"Chrispoilue"},"content":{"rendered":"<p>C\u00e9libataire depuis 2 ans, je sens l&#039;envie d&#039;avoir un homme \u00e0 mes cot\u00e9s pour combler mes nuits car la solitude me p\u00e8se\u2026<\/p>","protected":false},"excerpt":{"rendered":"<p>C\u00e9libataire depuis 2 ans, je sens l&#039;envie d&#039;avoir un homme \u00e0 mes cot\u00e9s pour combler mes nuits car la solitude me p\u00e8se\u2026<\/p>","protected":false},"featured_media":12382335,"template":"","meta":[],"product_brand":[],"product_cat":[2582],"product_tag":[2545,2551,2547,2543,2544,2552,2548,2546,2549,2542,2550,2553],"class_list":{"0":"post-378432","1":"product","2":"type-product","3":"status-publish","4":"has-post-thumbnail","6":"product_cat-marseille-escorts","7":"product_tag-escort-dates","8":"product_tag-escort-fr","9":"product_tag-escort-sex","10":"product_tag-euro-escort","11":"product_tag-euro-girl-escort","12":"product_tag-french-escort","13":"product_tag-girl-hook-ups","14":"product_tag-hook-ups","15":"product_tag-sex-model","16":"product_tag-sexmodel","17":"product_tag-site-escort","18":"product_tag-stocking-escort","19":"pa_enjoys-escorts-who-give-blowjobs","20":"pa_enjoys-escorts-who-like-or-enjoy-69","21":"pa_enjoys-escorts-who-like-or-enjoy-anal","22":"pa_enjoys-escorts-who-like-or-enjoy-bondage","23":"pa_enjoys-escorts-who-like-or-enjoy-cowgirl","24":"pa_enjoys-escorts-who-like-or-enjoy-creampie","25":"pa_enjoys-escorts-who-like-or-enjoy-cybersex","26":"pa_enjoys-escorts-who-like-or-enjoy-deepthroat","27":"pa_enjoys-escorts-who-like-or-enjoy-doggy-style","28":"pa_enjoys-escorts-who-like-or-enjoy-facials","29":"pa_enjoys-escorts-who-like-or-enjoy-hairy","30":"pa_enjoys-escorts-who-like-or-enjoy-kissing","31":"pa_enjoys-escorts-who-like-or-enjoy-long-foreplay","32":"pa_enjoys-escorts-who-like-or-enjoy-masturbation","33":"pa_enjoys-escorts-who-like-or-enjoy-medical-play","34":"pa_enjoys-escorts-who-like-or-enjoy-missionary","35":"pa_enjoys-escorts-who-like-or-enjoy-mystical","36":"pa_enjoys-escorts-who-like-or-enjoy-no-condom","37":"pa_enjoys-escorts-who-like-or-enjoy-oral-sex","38":"pa_enjoys-escorts-who-like-or-enjoy-public","39":"pa_enjoys-escorts-who-like-or-enjoy-reverse-cowgirl","40":"pa_enjoys-escorts-who-like-or-enjoy-role-play","41":"pa_enjoys-escorts-who-like-or-enjoy-spanking","42":"pa_enjoys-escorts-who-like-or-enjoy-squirting","43":"pa_enjoys-escorts-who-like-or-enjoy-straight-sex","44":"pa_enjoys-escorts-who-like-or-enjoy-swallow","45":"pa_enjoys-massage-escorts","47":"first","48":"instock","49":"shipping-taxable","50":"product-type-external"},"yoast_head":"<!-- This site is optimized with the Yoast SEO Premium plugin v22.3 (Yoast SEO v27.0) - https:\/\/yoast.com\/product\/yoast-seo-premium-wordpress\/ -->\n<title>Chrispoilue - Ladyxena<\/title>\n<meta name=\"description\" content=\"Chrispoilue is a girl that is available as an escort for you to contact. Contact Chrispoilue today. Ladyxena\" \/>\n<meta name=\"robots\" content=\"index, follow, max-snippet:-1, max-image-preview:large, max-video-preview:-1\" \/>\n<link rel=\"canonical\" href=\"https:\/\/ladyxena-fr.com\/fr\/escorte\/chrispoilue\/\" \/>\n<meta property=\"og:locale\" content=\"fr_FR\" \/>\n<meta property=\"og:type\" content=\"article\" \/>\n<meta property=\"og:title\" content=\"Chrispoilue\" \/>\n<meta property=\"og:description\" content=\"Chrispoilue is a girl that is available as an escort for you to contact. Contact Chrispoilue today. Ladyxena\" \/>\n<meta property=\"og:url\" content=\"https:\/\/ladyxena-fr.com\/fr\/escorte\/chrispoilue\/\" \/>\n<meta property=\"og:site_name\" content=\"Ladyxena\" \/>\n<meta property=\"og:image\" content=\"https:\/\/ladyxena-fr.com\/wp-content\/uploads\/2024\/04\/378432_50.jpg\" \/>\n\t<meta property=\"og:image:width\" content=\"1\" \/>\n\t<meta property=\"og:image:height\" content=\"1\" \/>\n\t<meta property=\"og:image:type\" content=\"image\/jpeg\" \/>\n<meta name=\"twitter:card\" content=\"summary_large_image\" \/>\n<script type=\"application\/ld+json\" class=\"yoast-schema-graph\">{\"@context\":\"https:\/\/schema.org\",\"@graph\":[{\"@type\":\"WebPage\",\"@id\":\"https:\/\/ladyxena-fr.com\/escort\/chrispoilue\/\",\"url\":\"https:\/\/ladyxena-fr.com\/escort\/chrispoilue\/\",\"name\":\"Chrispoilue - Ladyxena\",\"isPartOf\":{\"@id\":\"https:\/\/ladyxena-fr.com\/#website\"},\"primaryImageOfPage\":{\"@id\":\"https:\/\/ladyxena-fr.com\/escort\/chrispoilue\/#primaryimage\"},\"image\":{\"@id\":\"https:\/\/ladyxena-fr.com\/escort\/chrispoilue\/#primaryimage\"},\"thumbnailUrl\":\"https:\/\/ladyxena-fr.com\/wp-content\/uploads\/2024\/04\/378432_50.jpg\",\"datePublished\":\"2024-06-19T07:30:32+00:00\",\"description\":\"Chrispoilue is a girl that is available as an escort for you to contact. Contact Chrispoilue today. Ladyxena\",\"breadcrumb\":{\"@id\":\"https:\/\/ladyxena-fr.com\/escort\/chrispoilue\/#breadcrumb\"},\"inLanguage\":\"fr-FR\",\"potentialAction\":[{\"@type\":\"ReadAction\",\"target\":[\"https:\/\/ladyxena-fr.com\/escort\/chrispoilue\/\"]}]},{\"@type\":\"ImageObject\",\"inLanguage\":\"fr-FR\",\"@id\":\"https:\/\/ladyxena-fr.com\/escort\/chrispoilue\/#primaryimage\",\"url\":\"https:\/\/ladyxena-fr.com\/wp-content\/uploads\/2024\/04\/378432_50.jpg\",\"contentUrl\":\"https:\/\/ladyxena-fr.com\/wp-content\/uploads\/2024\/04\/378432_50.jpg\",\"caption\":\"Chrispoilue\"},{\"@type\":\"BreadcrumbList\",\"@id\":\"https:\/\/ladyxena-fr.com\/escort\/chrispoilue\/#breadcrumb\",\"itemListElement\":[{\"@type\":\"ListItem\",\"position\":1,\"name\":\"Home\",\"item\":\"https:\/\/ladyxena-fr.com\/\"},{\"@type\":\"ListItem\",\"position\":2,\"name\":\"Ladyxena\",\"item\":\"https:\/\/ladyxena-fr.com\/\"},{\"@type\":\"ListItem\",\"position\":3,\"name\":\"Chrispoilue\"}]},{\"@type\":\"WebSite\",\"@id\":\"https:\/\/ladyxena-fr.com\/#website\",\"url\":\"https:\/\/ladyxena-fr.com\/\",\"name\":\"Escort WP\",\"description\":\"\",\"publisher\":{\"@id\":\"https:\/\/ladyxena-fr.com\/#organization\"},\"alternateName\":\"Escorts\",\"potentialAction\":[{\"@type\":\"SearchAction\",\"target\":{\"@type\":\"EntryPoint\",\"urlTemplate\":\"https:\/\/ladyxena-fr.com\/?s={search_term_string}\"},\"query-input\":{\"@type\":\"PropertyValueSpecification\",\"valueRequired\":true,\"valueName\":\"search_term_string\"}}],\"inLanguage\":\"fr-FR\"},{\"@type\":\"Organization\",\"@id\":\"https:\/\/ladyxena-fr.com\/#organization\",\"name\":\"Escort WP\",\"url\":\"https:\/\/ladyxena-fr.com\/\",\"logo\":{\"@type\":\"ImageObject\",\"inLanguage\":\"fr-FR\",\"@id\":\"https:\/\/ladyxena-fr.com\/#\/schema\/logo\/image\/\",\"url\":\"https:\/\/ladyxena-fr.com\/wp-content\/uploads\/2024\/04\/Ladyxena-fr.com_.png\",\"contentUrl\":\"https:\/\/ladyxena-fr.com\/wp-content\/uploads\/2024\/04\/Ladyxena-fr.com_.png\",\"width\":240,\"height\":62,\"caption\":\"Escort WP\"},\"image\":{\"@id\":\"https:\/\/ladyxena-fr.com\/#\/schema\/logo\/image\/\"}}]}<\/script>\n<!-- \/ Yoast SEO Premium plugin. -->","yoast_head_json":{"title":"Chrispoilue - Ladyxena","description":"Chrispoilue est une fille disponible comme escorte \u00e0 contacter. Contactez Chrispoilue d\u00e8s aujourd&#039;hui. Ladyxena","robots":{"index":"index","follow":"follow","max-snippet":"max-snippet:-1","max-image-preview":"max-image-preview:large","max-video-preview":"max-video-preview:-1"},"canonical":"https:\/\/ladyxena-fr.com\/fr\/escorte\/chrispoilue\/","og_locale":"fr_FR","og_type":"article","og_title":"Chrispoilue","og_description":"Chrispoilue is a girl that is available as an escort for you to contact. Contact Chrispoilue today. Ladyxena","og_url":"https:\/\/ladyxena-fr.com\/fr\/escorte\/chrispoilue\/","og_site_name":"Ladyxena","og_image":[{"url":"https:\/\/ladyxena-fr.com\/wp-content\/uploads\/2024\/04\/378432_50.jpg","width":1,"height":1,"type":"image\/jpeg"}],"twitter_card":"summary_large_image","schema":{"@context":"https:\/\/schema.org","@graph":[{"@type":"WebPage","@id":"https:\/\/ladyxena-fr.com\/escort\/chrispoilue\/","url":"https:\/\/ladyxena-fr.com\/escort\/chrispoilue\/","name":"Chrispoilue - Ladyxena","isPartOf":{"@id":"https:\/\/ladyxena-fr.com\/#website"},"primaryImageOfPage":{"@id":"https:\/\/ladyxena-fr.com\/escort\/chrispoilue\/#primaryimage"},"image":{"@id":"https:\/\/ladyxena-fr.com\/escort\/chrispoilue\/#primaryimage"},"thumbnailUrl":"https:\/\/ladyxena-fr.com\/wp-content\/uploads\/2024\/04\/378432_50.jpg","datePublished":"2024-06-19T07:30:32+00:00","description":"Chrispoilue est une fille disponible comme escorte \u00e0 contacter. Contactez Chrispoilue d\u00e8s aujourd&#039;hui. Ladyxena","breadcrumb":{"@id":"https:\/\/ladyxena-fr.com\/escort\/chrispoilue\/#breadcrumb"},"inLanguage":"fr-FR","potentialAction":[{"@type":"ReadAction","target":["https:\/\/ladyxena-fr.com\/escort\/chrispoilue\/"]}]},{"@type":"ImageObject","inLanguage":"fr-FR","@id":"https:\/\/ladyxena-fr.com\/escort\/chrispoilue\/#primaryimage","url":"https:\/\/ladyxena-fr.com\/wp-content\/uploads\/2024\/04\/378432_50.jpg","contentUrl":"https:\/\/ladyxena-fr.com\/wp-content\/uploads\/2024\/04\/378432_50.jpg","caption":"Chrispoilue"},{"@type":"BreadcrumbList","@id":"https:\/\/ladyxena-fr.com\/escort\/chrispoilue\/#breadcrumb","itemListElement":[{"@type":"ListItem","position":1,"name":"Home","item":"https:\/\/ladyxena-fr.com\/"},{"@type":"ListItem","position":2,"name":"Ladyxena","item":"https:\/\/ladyxena-fr.com\/"},{"@type":"ListItem","position":3,"name":"Chrispoilue"}]},{"@type":"WebSite","@id":"https:\/\/ladyxena-fr.com\/#website","url":"https:\/\/ladyxena-fr.com\/","name":"Escorte WP","description":"","publisher":{"@id":"https:\/\/ladyxena-fr.com\/#organization"},"alternateName":"Escorts","potentialAction":[{"@type":"SearchAction","target":{"@type":"EntryPoint","urlTemplate":"https:\/\/ladyxena-fr.com\/?s={search_term_string}"},"query-input":{"@type":"PropertyValueSpecification","valueRequired":true,"valueName":"search_term_string"}}],"inLanguage":"fr-FR"},{"@type":"Organization","@id":"https:\/\/ladyxena-fr.com\/#organization","name":"Escorte WP","url":"https:\/\/ladyxena-fr.com\/","logo":{"@type":"ImageObject","inLanguage":"fr-FR","@id":"https:\/\/ladyxena-fr.com\/#\/schema\/logo\/image\/","url":"https:\/\/ladyxena-fr.com\/wp-content\/uploads\/2024\/04\/Ladyxena-fr.com_.png","contentUrl":"https:\/\/ladyxena-fr.com\/wp-content\/uploads\/2024\/04\/Ladyxena-fr.com_.png","width":240,"height":62,"caption":"Escort WP"},"image":{"@id":"https:\/\/ladyxena-fr.com\/#\/schema\/logo\/image\/"}}]}},"_links":{"self":[{"href":"https:\/\/ladyxena-fr.com\/fr\/wp-json\/wp\/v2\/product\/378432","targetHints":{"allow":["GET"]}}],"collection":[{"href":"https:\/\/ladyxena-fr.com\/fr\/wp-json\/wp\/v2\/product"}],"about":[{"href":"https:\/\/ladyxena-fr.com\/fr\/wp-json\/wp\/v2\/types\/product"}],"wp:featuredmedia":[{"embeddable":true,"href":"https:\/\/ladyxena-fr.com\/fr\/wp-json\/wp\/v2\/media\/12382335"}],"wp:attachment":[{"href":"https:\/\/ladyxena-fr.com\/fr\/wp-json\/wp\/v2\/media?parent=378432"}],"wp:term":[{"taxonomy":"product_brand","embeddable":true,"href":"https:\/\/ladyxena-fr.com\/fr\/wp-json\/wp\/v2\/product_brand?post=378432"},{"taxonomy":"product_cat","embeddable":true,"href":"https:\/\/ladyxena-fr.com\/fr\/wp-json\/wp\/v2\/product_cat?post=378432"},{"taxonomy":"product_tag","embeddable":true,"href":"https:\/\/ladyxena-fr.com\/fr\/wp-json\/wp\/v2\/product_tag?post=378432"}],"curies":[{"name":"wp","href":"https:\/\/api.w.org\/{rel}","templated":true}]}}