{"id":378465,"date":"2024-07-19T07:21:10","date_gmt":"2024-07-19T07:21:10","guid":{"rendered":"https:\/\/ladyxena-fr.com\/?post_type=product&#038;p=378465"},"modified":"2024-07-19T07:21:10","modified_gmt":"2024-07-19T07:21:10","slug":"chocolat-sexy","status":"publish","type":"product","link":"https:\/\/ladyxena-fr.com\/fr\/escort\/sexychocolat\/","title":{"rendered":"SexyChocolat"},"content":{"rendered":"<p>Pas toujours simple de rencontrer quelqu&#039;un , entre le travail et tout le reste, ca laisse pas beaucoup de temps pour la vie priv\u00e9e, mais une belle femme comme moi devrait s\u00fbrement trouver chaussure \u00e0 son pied ici, via ce site ca rend les choses plus accessible, aloes j attends vos messages ! \ud83d\ude09<\/p>","protected":false},"excerpt":{"rendered":"<p>Pas toujours simple de rencontr\u00e9 quelqu&#8217;un , entre le travail et tout le reste, ca laisse pas beaucoup de temps pour la vie privee, mais une belle femme comme moi devrais s\u00fbrement trouver chaussure a son pied ici, via ce site ca rends les choses plus accessibles, aloes j attends vos messages ! \ud83d\ude09<\/p>","protected":false},"featured_media":12384063,"template":"","meta":[],"product_brand":[],"product_cat":[2596],"product_tag":[2545,2551,2547,2543,2544,2552,2548,2546,2549,2542,2550,2553],"class_list":{"0":"post-378465","1":"product","2":"type-product","3":"status-publish","4":"has-post-thumbnail","6":"product_cat-lyon-escorts","7":"product_tag-escort-dates","8":"product_tag-escort-fr","9":"product_tag-escort-sex","10":"product_tag-euro-escort","11":"product_tag-euro-girl-escort","12":"product_tag-french-escort","13":"product_tag-girl-hook-ups","14":"product_tag-hook-ups","15":"product_tag-sex-model","16":"product_tag-sexmodel","17":"product_tag-site-escort","18":"product_tag-stocking-escort","19":"pa_enjoys-escorts-who-give-blowjobs","20":"pa_enjoys-escorts-who-like-or-enjoy-anal","21":"pa_enjoys-escorts-who-like-or-enjoy-big-butt","22":"pa_enjoys-escorts-who-like-or-enjoy-big-dick","23":"pa_enjoys-escorts-who-like-or-enjoy-cowgirl","24":"pa_enjoys-escorts-who-like-or-enjoy-doggy-style","25":"pa_enjoys-escorts-who-like-or-enjoy-jerk-off-instructions","26":"pa_enjoys-escorts-who-like-or-enjoy-kissing","27":"pa_enjoys-escorts-who-like-or-enjoy-shaved","28":"pa_enjoys-escorts-who-like-or-enjoy-spanking","30":"first","31":"instock","32":"shipping-taxable","33":"product-type-external"},"yoast_head":"<!-- This site is optimized with the Yoast SEO Premium plugin v22.3 (Yoast SEO v27.3) - https:\/\/yoast.com\/product\/yoast-seo-premium-wordpress\/ -->\n<title>SexyChocolat - Ladyxena<\/title>\n<meta name=\"description\" content=\"SexyChocolat is a girl that is available as an escort for you to contact. Contact SexyChocolat today. Ladyxena\" \/>\n<meta name=\"robots\" content=\"index, follow, max-snippet:-1, max-image-preview:large, max-video-preview:-1\" \/>\n<link rel=\"canonical\" href=\"https:\/\/ladyxena-fr.com\/fr\/escorte\/chocolat-sexy\/\" \/>\n<meta property=\"og:locale\" content=\"fr_FR\" \/>\n<meta property=\"og:type\" content=\"article\" \/>\n<meta property=\"og:title\" content=\"SexyChocolat\" \/>\n<meta property=\"og:description\" content=\"SexyChocolat is a girl that is available as an escort for you to contact. Contact SexyChocolat today. Ladyxena\" \/>\n<meta property=\"og:url\" content=\"https:\/\/ladyxena-fr.com\/fr\/escorte\/chocolat-sexy\/\" \/>\n<meta property=\"og:site_name\" content=\"Ladyxena\" \/>\n<meta property=\"og:image\" content=\"https:\/\/ladyxena-fr.com\/wp-content\/uploads\/2024\/04\/378465_50.jpg\" \/>\n\t<meta property=\"og:image:width\" content=\"1\" \/>\n\t<meta property=\"og:image:height\" content=\"1\" \/>\n\t<meta property=\"og:image:type\" content=\"image\/jpeg\" \/>\n<meta name=\"twitter:card\" content=\"summary_large_image\" \/>\n<script type=\"application\/ld+json\" class=\"yoast-schema-graph\">{\"@context\":\"https:\\\/\\\/schema.org\",\"@graph\":[{\"@type\":\"WebPage\",\"@id\":\"https:\\\/\\\/ladyxena-fr.com\\\/escort\\\/sexychocolat\\\/\",\"url\":\"https:\\\/\\\/ladyxena-fr.com\\\/escort\\\/sexychocolat\\\/\",\"name\":\"SexyChocolat - Ladyxena\",\"isPartOf\":{\"@id\":\"https:\\\/\\\/ladyxena-fr.com\\\/#website\"},\"primaryImageOfPage\":{\"@id\":\"https:\\\/\\\/ladyxena-fr.com\\\/escort\\\/sexychocolat\\\/#primaryimage\"},\"image\":{\"@id\":\"https:\\\/\\\/ladyxena-fr.com\\\/escort\\\/sexychocolat\\\/#primaryimage\"},\"thumbnailUrl\":\"https:\\\/\\\/ladyxena-fr.com\\\/wp-content\\\/uploads\\\/2024\\\/04\\\/378465_50.jpg\",\"datePublished\":\"2024-07-19T07:21:10+00:00\",\"description\":\"SexyChocolat is a girl that is available as an escort for you to contact. Contact SexyChocolat today. Ladyxena\",\"breadcrumb\":{\"@id\":\"https:\\\/\\\/ladyxena-fr.com\\\/escort\\\/sexychocolat\\\/#breadcrumb\"},\"inLanguage\":\"fr-FR\",\"potentialAction\":[{\"@type\":\"ReadAction\",\"target\":[\"https:\\\/\\\/ladyxena-fr.com\\\/escort\\\/sexychocolat\\\/\"]}]},{\"@type\":\"ImageObject\",\"inLanguage\":\"fr-FR\",\"@id\":\"https:\\\/\\\/ladyxena-fr.com\\\/escort\\\/sexychocolat\\\/#primaryimage\",\"url\":\"https:\\\/\\\/ladyxena-fr.com\\\/wp-content\\\/uploads\\\/2024\\\/04\\\/378465_50.jpg\",\"contentUrl\":\"https:\\\/\\\/ladyxena-fr.com\\\/wp-content\\\/uploads\\\/2024\\\/04\\\/378465_50.jpg\",\"caption\":\"SexyChocolat\"},{\"@type\":\"BreadcrumbList\",\"@id\":\"https:\\\/\\\/ladyxena-fr.com\\\/escort\\\/sexychocolat\\\/#breadcrumb\",\"itemListElement\":[{\"@type\":\"ListItem\",\"position\":1,\"name\":\"Home\",\"item\":\"https:\\\/\\\/ladyxena-fr.com\\\/\"},{\"@type\":\"ListItem\",\"position\":2,\"name\":\"Ladyxena\",\"item\":\"https:\\\/\\\/ladyxena-fr.com\\\/\"},{\"@type\":\"ListItem\",\"position\":3,\"name\":\"SexyChocolat\"}]},{\"@type\":\"WebSite\",\"@id\":\"https:\\\/\\\/ladyxena-fr.com\\\/#website\",\"url\":\"https:\\\/\\\/ladyxena-fr.com\\\/\",\"name\":\"Escort WP\",\"description\":\"\",\"publisher\":{\"@id\":\"https:\\\/\\\/ladyxena-fr.com\\\/#organization\"},\"alternateName\":\"Escorts\",\"potentialAction\":[{\"@type\":\"SearchAction\",\"target\":{\"@type\":\"EntryPoint\",\"urlTemplate\":\"https:\\\/\\\/ladyxena-fr.com\\\/?s={search_term_string}\"},\"query-input\":{\"@type\":\"PropertyValueSpecification\",\"valueRequired\":true,\"valueName\":\"search_term_string\"}}],\"inLanguage\":\"fr-FR\"},{\"@type\":\"Organization\",\"@id\":\"https:\\\/\\\/ladyxena-fr.com\\\/#organization\",\"name\":\"Escort WP\",\"url\":\"https:\\\/\\\/ladyxena-fr.com\\\/\",\"logo\":{\"@type\":\"ImageObject\",\"inLanguage\":\"fr-FR\",\"@id\":\"https:\\\/\\\/ladyxena-fr.com\\\/#\\\/schema\\\/logo\\\/image\\\/\",\"url\":\"https:\\\/\\\/ladyxena-fr.com\\\/wp-content\\\/uploads\\\/2024\\\/04\\\/Ladyxena-fr.com_.png\",\"contentUrl\":\"https:\\\/\\\/ladyxena-fr.com\\\/wp-content\\\/uploads\\\/2024\\\/04\\\/Ladyxena-fr.com_.png\",\"width\":240,\"height\":62,\"caption\":\"Escort WP\"},\"image\":{\"@id\":\"https:\\\/\\\/ladyxena-fr.com\\\/#\\\/schema\\\/logo\\\/image\\\/\"}}]}<\/script>\n<!-- \/ Yoast SEO Premium plugin. -->","yoast_head_json":{"title":"SexyChocolat - Ladyxena","description":"SexyChocolat est une fille disponible comme escorte \u00e0 contacter. Contactez SexyChocolat d\u00e8s aujourd\u2019hui. Ladyxena","robots":{"index":"index","follow":"follow","max-snippet":"max-snippet:-1","max-image-preview":"max-image-preview:large","max-video-preview":"max-video-preview:-1"},"canonical":"https:\/\/ladyxena-fr.com\/fr\/escorte\/chocolat-sexy\/","og_locale":"fr_FR","og_type":"article","og_title":"SexyChocolat","og_description":"SexyChocolat is a girl that is available as an escort for you to contact. Contact SexyChocolat today. Ladyxena","og_url":"https:\/\/ladyxena-fr.com\/fr\/escorte\/chocolat-sexy\/","og_site_name":"Ladyxena","og_image":[{"url":"https:\/\/ladyxena-fr.com\/wp-content\/uploads\/2024\/04\/378465_50.jpg","width":1,"height":1,"type":"image\/jpeg"}],"twitter_card":"summary_large_image","schema":{"@context":"https:\/\/schema.org","@graph":[{"@type":"WebPage","@id":"https:\/\/ladyxena-fr.com\/escort\/sexychocolat\/","url":"https:\/\/ladyxena-fr.com\/escort\/sexychocolat\/","name":"SexyChocolat - Ladyxena","isPartOf":{"@id":"https:\/\/ladyxena-fr.com\/#website"},"primaryImageOfPage":{"@id":"https:\/\/ladyxena-fr.com\/escort\/sexychocolat\/#primaryimage"},"image":{"@id":"https:\/\/ladyxena-fr.com\/escort\/sexychocolat\/#primaryimage"},"thumbnailUrl":"https:\/\/ladyxena-fr.com\/wp-content\/uploads\/2024\/04\/378465_50.jpg","datePublished":"2024-07-19T07:21:10+00:00","description":"SexyChocolat est une fille disponible comme escorte \u00e0 contacter. Contactez SexyChocolat d\u00e8s aujourd\u2019hui. Ladyxena","breadcrumb":{"@id":"https:\/\/ladyxena-fr.com\/escort\/sexychocolat\/#breadcrumb"},"inLanguage":"fr-FR","potentialAction":[{"@type":"ReadAction","target":["https:\/\/ladyxena-fr.com\/escort\/sexychocolat\/"]}]},{"@type":"ImageObject","inLanguage":"fr-FR","@id":"https:\/\/ladyxena-fr.com\/escort\/sexychocolat\/#primaryimage","url":"https:\/\/ladyxena-fr.com\/wp-content\/uploads\/2024\/04\/378465_50.jpg","contentUrl":"https:\/\/ladyxena-fr.com\/wp-content\/uploads\/2024\/04\/378465_50.jpg","caption":"SexyChocolat"},{"@type":"BreadcrumbList","@id":"https:\/\/ladyxena-fr.com\/escort\/sexychocolat\/#breadcrumb","itemListElement":[{"@type":"ListItem","position":1,"name":"Home","item":"https:\/\/ladyxena-fr.com\/"},{"@type":"ListItem","position":2,"name":"Ladyxena","item":"https:\/\/ladyxena-fr.com\/"},{"@type":"ListItem","position":3,"name":"SexyChocolat"}]},{"@type":"WebSite","@id":"https:\/\/ladyxena-fr.com\/#website","url":"https:\/\/ladyxena-fr.com\/","name":"Escorte WP","description":"","publisher":{"@id":"https:\/\/ladyxena-fr.com\/#organization"},"alternateName":"Escorts","potentialAction":[{"@type":"SearchAction","target":{"@type":"EntryPoint","urlTemplate":"https:\/\/ladyxena-fr.com\/?s={search_term_string}"},"query-input":{"@type":"PropertyValueSpecification","valueRequired":true,"valueName":"search_term_string"}}],"inLanguage":"fr-FR"},{"@type":"Organization","@id":"https:\/\/ladyxena-fr.com\/#organization","name":"Escorte WP","url":"https:\/\/ladyxena-fr.com\/","logo":{"@type":"ImageObject","inLanguage":"fr-FR","@id":"https:\/\/ladyxena-fr.com\/#\/schema\/logo\/image\/","url":"https:\/\/ladyxena-fr.com\/wp-content\/uploads\/2024\/04\/Ladyxena-fr.com_.png","contentUrl":"https:\/\/ladyxena-fr.com\/wp-content\/uploads\/2024\/04\/Ladyxena-fr.com_.png","width":240,"height":62,"caption":"Escort WP"},"image":{"@id":"https:\/\/ladyxena-fr.com\/#\/schema\/logo\/image\/"}}]}},"_links":{"self":[{"href":"https:\/\/ladyxena-fr.com\/fr\/wp-json\/wp\/v2\/product\/378465","targetHints":{"allow":["GET"]}}],"collection":[{"href":"https:\/\/ladyxena-fr.com\/fr\/wp-json\/wp\/v2\/product"}],"about":[{"href":"https:\/\/ladyxena-fr.com\/fr\/wp-json\/wp\/v2\/types\/product"}],"wp:featuredmedia":[{"embeddable":true,"href":"https:\/\/ladyxena-fr.com\/fr\/wp-json\/wp\/v2\/media\/12384063"}],"wp:attachment":[{"href":"https:\/\/ladyxena-fr.com\/fr\/wp-json\/wp\/v2\/media?parent=378465"}],"wp:term":[{"taxonomy":"product_brand","embeddable":true,"href":"https:\/\/ladyxena-fr.com\/fr\/wp-json\/wp\/v2\/product_brand?post=378465"},{"taxonomy":"product_cat","embeddable":true,"href":"https:\/\/ladyxena-fr.com\/fr\/wp-json\/wp\/v2\/product_cat?post=378465"},{"taxonomy":"product_tag","embeddable":true,"href":"https:\/\/ladyxena-fr.com\/fr\/wp-json\/wp\/v2\/product_tag?post=378465"}],"curies":[{"name":"wp","href":"https:\/\/api.w.org\/{rel}","templated":true}]}}