{"id":378848,"date":"2024-11-15T07:11:46","date_gmt":"2024-11-15T07:11:46","guid":{"rendered":"https:\/\/ladyxena-fr.com\/?post_type=product&#038;p=378848"},"modified":"2024-11-15T07:11:46","modified_gmt":"2024-11-15T07:11:46","slug":"marine95","status":"publish","type":"product","link":"https:\/\/ladyxena-fr.com\/fr\/escort\/marine95\/","title":{"rendered":"Marine95"},"content":{"rendered":"<p>Coucou, je m&#039;appelle Marine je suis actuellement en couple et je vis avec mon mec, mais je r\u00e9ponds comme un probl\u00e8me, je commence \u00e0 me lasser de sucer la m\u00eame file d&#039;attente encore et encore, je suis jeune et je me dis que c&#039; est maintenant qu&#039;il faut que je profite de la vie ! Si vous avez envie aussi de plans cul sympas, contactez moi<\/p>","protected":false},"excerpt":{"rendered":"<p>Coucou, je m&#8217;appelle Marine je suis actuellement en couple et je vis avec mon mec, mais je ressens comme un probl\u00e8me, je commence \u00e0 me lasser de sucer la m\u00eame queue encore et encore, je suis jeune et je me dis que c&#8217;est maintenant qu&#8217;il faut que je profite de la vie! Si vous avez &hellip; <a href=\"https:\/\/ladyxena-fr.com\/fr\/escort\/marine95\/\" class=\"more-link\">Continue reading <span class=\"screen-reader-text\">Marine95<\/span><\/a><\/p>","protected":false},"featured_media":12381634,"template":"","meta":[],"product_brand":[],"product_cat":[2554],"product_tag":[2545,2551,2547,2543,2544,2552,2548,2546,2549,2542,2550,2553],"class_list":{"0":"post-378848","1":"product","2":"type-product","3":"status-publish","4":"has-post-thumbnail","6":"product_cat-paris-escorts","7":"product_tag-escort-dates","8":"product_tag-escort-fr","9":"product_tag-escort-sex","10":"product_tag-euro-escort","11":"product_tag-euro-girl-escort","12":"product_tag-french-escort","13":"product_tag-girl-hook-ups","14":"product_tag-hook-ups","15":"product_tag-sex-model","16":"product_tag-sexmodel","17":"product_tag-site-escort","18":"product_tag-stocking-escort","19":"pa_enjoys-escorts-who-like-or-enjoy-facials","20":"pa_enjoys-escorts-who-like-or-enjoy-muscles","21":"pa_enjoys-escorts-who-like-or-enjoy-role-play","22":"pa_enjoys-escorts-who-like-or-enjoy-spanking","23":"pa_enjoys-escorts-who-like-or-enjoy-swinger","25":"first","26":"instock","27":"shipping-taxable","28":"product-type-external"},"yoast_head":"<!-- This site is optimized with the Yoast SEO Premium plugin v22.3 (Yoast SEO v27.3) - https:\/\/yoast.com\/product\/yoast-seo-premium-wordpress\/ -->\n<title>Marine95 - Ladyxena<\/title>\n<meta name=\"description\" content=\"Marine95 is a girl that is available as an escort for you to contact. Contact Marine95 today. Ladyxena\" \/>\n<meta name=\"robots\" content=\"index, follow, max-snippet:-1, max-image-preview:large, max-video-preview:-1\" \/>\n<link rel=\"canonical\" href=\"https:\/\/ladyxena-fr.com\/fr\/escorte\/marine95\/\" \/>\n<meta property=\"og:locale\" content=\"fr_FR\" \/>\n<meta property=\"og:type\" content=\"article\" \/>\n<meta property=\"og:title\" content=\"Marine95\" \/>\n<meta property=\"og:description\" content=\"Marine95 is a girl that is available as an escort for you to contact. Contact Marine95 today. Ladyxena\" \/>\n<meta property=\"og:url\" content=\"https:\/\/ladyxena-fr.com\/fr\/escorte\/marine95\/\" \/>\n<meta property=\"og:site_name\" content=\"Ladyxena\" \/>\n<meta property=\"og:image\" content=\"https:\/\/ladyxena-fr.com\/wp-content\/uploads\/2024\/04\/378848_50.jpg\" \/>\n\t<meta property=\"og:image:width\" content=\"1\" \/>\n\t<meta property=\"og:image:height\" content=\"1\" \/>\n\t<meta property=\"og:image:type\" content=\"image\/jpeg\" \/>\n<meta name=\"twitter:card\" content=\"summary_large_image\" \/>\n<script type=\"application\/ld+json\" class=\"yoast-schema-graph\">{\"@context\":\"https:\\\/\\\/schema.org\",\"@graph\":[{\"@type\":\"WebPage\",\"@id\":\"https:\\\/\\\/ladyxena-fr.com\\\/escort\\\/marine95\\\/\",\"url\":\"https:\\\/\\\/ladyxena-fr.com\\\/escort\\\/marine95\\\/\",\"name\":\"Marine95 - Ladyxena\",\"isPartOf\":{\"@id\":\"https:\\\/\\\/ladyxena-fr.com\\\/#website\"},\"primaryImageOfPage\":{\"@id\":\"https:\\\/\\\/ladyxena-fr.com\\\/escort\\\/marine95\\\/#primaryimage\"},\"image\":{\"@id\":\"https:\\\/\\\/ladyxena-fr.com\\\/escort\\\/marine95\\\/#primaryimage\"},\"thumbnailUrl\":\"https:\\\/\\\/ladyxena-fr.com\\\/wp-content\\\/uploads\\\/2024\\\/04\\\/378848_50.jpg\",\"datePublished\":\"2024-11-15T07:11:46+00:00\",\"description\":\"Marine95 is a girl that is available as an escort for you to contact. Contact Marine95 today. Ladyxena\",\"breadcrumb\":{\"@id\":\"https:\\\/\\\/ladyxena-fr.com\\\/escort\\\/marine95\\\/#breadcrumb\"},\"inLanguage\":\"fr-FR\",\"potentialAction\":[{\"@type\":\"ReadAction\",\"target\":[\"https:\\\/\\\/ladyxena-fr.com\\\/escort\\\/marine95\\\/\"]}]},{\"@type\":\"ImageObject\",\"inLanguage\":\"fr-FR\",\"@id\":\"https:\\\/\\\/ladyxena-fr.com\\\/escort\\\/marine95\\\/#primaryimage\",\"url\":\"https:\\\/\\\/ladyxena-fr.com\\\/wp-content\\\/uploads\\\/2024\\\/04\\\/378848_50.jpg\",\"contentUrl\":\"https:\\\/\\\/ladyxena-fr.com\\\/wp-content\\\/uploads\\\/2024\\\/04\\\/378848_50.jpg\",\"caption\":\"Marine95\"},{\"@type\":\"BreadcrumbList\",\"@id\":\"https:\\\/\\\/ladyxena-fr.com\\\/escort\\\/marine95\\\/#breadcrumb\",\"itemListElement\":[{\"@type\":\"ListItem\",\"position\":1,\"name\":\"Home\",\"item\":\"https:\\\/\\\/ladyxena-fr.com\\\/\"},{\"@type\":\"ListItem\",\"position\":2,\"name\":\"Ladyxena\",\"item\":\"https:\\\/\\\/ladyxena-fr.com\\\/\"},{\"@type\":\"ListItem\",\"position\":3,\"name\":\"Marine95\"}]},{\"@type\":\"WebSite\",\"@id\":\"https:\\\/\\\/ladyxena-fr.com\\\/#website\",\"url\":\"https:\\\/\\\/ladyxena-fr.com\\\/\",\"name\":\"Escort WP\",\"description\":\"\",\"publisher\":{\"@id\":\"https:\\\/\\\/ladyxena-fr.com\\\/#organization\"},\"alternateName\":\"Escorts\",\"potentialAction\":[{\"@type\":\"SearchAction\",\"target\":{\"@type\":\"EntryPoint\",\"urlTemplate\":\"https:\\\/\\\/ladyxena-fr.com\\\/?s={search_term_string}\"},\"query-input\":{\"@type\":\"PropertyValueSpecification\",\"valueRequired\":true,\"valueName\":\"search_term_string\"}}],\"inLanguage\":\"fr-FR\"},{\"@type\":\"Organization\",\"@id\":\"https:\\\/\\\/ladyxena-fr.com\\\/#organization\",\"name\":\"Escort WP\",\"url\":\"https:\\\/\\\/ladyxena-fr.com\\\/\",\"logo\":{\"@type\":\"ImageObject\",\"inLanguage\":\"fr-FR\",\"@id\":\"https:\\\/\\\/ladyxena-fr.com\\\/#\\\/schema\\\/logo\\\/image\\\/\",\"url\":\"https:\\\/\\\/ladyxena-fr.com\\\/wp-content\\\/uploads\\\/2024\\\/04\\\/Ladyxena-fr.com_.png\",\"contentUrl\":\"https:\\\/\\\/ladyxena-fr.com\\\/wp-content\\\/uploads\\\/2024\\\/04\\\/Ladyxena-fr.com_.png\",\"width\":240,\"height\":62,\"caption\":\"Escort WP\"},\"image\":{\"@id\":\"https:\\\/\\\/ladyxena-fr.com\\\/#\\\/schema\\\/logo\\\/image\\\/\"}}]}<\/script>\n<!-- \/ Yoast SEO Premium plugin. -->","yoast_head_json":{"title":"Marine95 - Ladyxena","description":"Marine95 est une fille qui est disponible comme escorte pour que vous puissiez la contacter. Contactez Marine95 d\u00e8s aujourd&#039;hui. Ladyxena","robots":{"index":"index","follow":"follow","max-snippet":"max-snippet:-1","max-image-preview":"max-image-preview:large","max-video-preview":"max-video-preview:-1"},"canonical":"https:\/\/ladyxena-fr.com\/fr\/escorte\/marine95\/","og_locale":"fr_FR","og_type":"article","og_title":"Marine95","og_description":"Marine95 is a girl that is available as an escort for you to contact. Contact Marine95 today. Ladyxena","og_url":"https:\/\/ladyxena-fr.com\/fr\/escorte\/marine95\/","og_site_name":"Ladyxena","og_image":[{"url":"https:\/\/ladyxena-fr.com\/wp-content\/uploads\/2024\/04\/378848_50.jpg","width":1,"height":1,"type":"image\/jpeg"}],"twitter_card":"summary_large_image","schema":{"@context":"https:\/\/schema.org","@graph":[{"@type":"WebPage","@id":"https:\/\/ladyxena-fr.com\/escort\/marine95\/","url":"https:\/\/ladyxena-fr.com\/escort\/marine95\/","name":"Marine95 - Ladyxena","isPartOf":{"@id":"https:\/\/ladyxena-fr.com\/#website"},"primaryImageOfPage":{"@id":"https:\/\/ladyxena-fr.com\/escort\/marine95\/#primaryimage"},"image":{"@id":"https:\/\/ladyxena-fr.com\/escort\/marine95\/#primaryimage"},"thumbnailUrl":"https:\/\/ladyxena-fr.com\/wp-content\/uploads\/2024\/04\/378848_50.jpg","datePublished":"2024-11-15T07:11:46+00:00","description":"Marine95 est une fille qui est disponible comme escorte pour que vous puissiez la contacter. Contactez Marine95 d\u00e8s aujourd&#039;hui. Ladyxena","breadcrumb":{"@id":"https:\/\/ladyxena-fr.com\/escort\/marine95\/#breadcrumb"},"inLanguage":"fr-FR","potentialAction":[{"@type":"ReadAction","target":["https:\/\/ladyxena-fr.com\/escort\/marine95\/"]}]},{"@type":"ImageObject","inLanguage":"fr-FR","@id":"https:\/\/ladyxena-fr.com\/escort\/marine95\/#primaryimage","url":"https:\/\/ladyxena-fr.com\/wp-content\/uploads\/2024\/04\/378848_50.jpg","contentUrl":"https:\/\/ladyxena-fr.com\/wp-content\/uploads\/2024\/04\/378848_50.jpg","caption":"Marine95"},{"@type":"BreadcrumbList","@id":"https:\/\/ladyxena-fr.com\/escort\/marine95\/#breadcrumb","itemListElement":[{"@type":"ListItem","position":1,"name":"Home","item":"https:\/\/ladyxena-fr.com\/"},{"@type":"ListItem","position":2,"name":"Ladyxena","item":"https:\/\/ladyxena-fr.com\/"},{"@type":"ListItem","position":3,"name":"Marine95"}]},{"@type":"WebSite","@id":"https:\/\/ladyxena-fr.com\/#website","url":"https:\/\/ladyxena-fr.com\/","name":"Escorte WP","description":"","publisher":{"@id":"https:\/\/ladyxena-fr.com\/#organization"},"alternateName":"Escorts","potentialAction":[{"@type":"SearchAction","target":{"@type":"EntryPoint","urlTemplate":"https:\/\/ladyxena-fr.com\/?s={search_term_string}"},"query-input":{"@type":"PropertyValueSpecification","valueRequired":true,"valueName":"search_term_string"}}],"inLanguage":"fr-FR"},{"@type":"Organization","@id":"https:\/\/ladyxena-fr.com\/#organization","name":"Escorte WP","url":"https:\/\/ladyxena-fr.com\/","logo":{"@type":"ImageObject","inLanguage":"fr-FR","@id":"https:\/\/ladyxena-fr.com\/#\/schema\/logo\/image\/","url":"https:\/\/ladyxena-fr.com\/wp-content\/uploads\/2024\/04\/Ladyxena-fr.com_.png","contentUrl":"https:\/\/ladyxena-fr.com\/wp-content\/uploads\/2024\/04\/Ladyxena-fr.com_.png","width":240,"height":62,"caption":"Escort WP"},"image":{"@id":"https:\/\/ladyxena-fr.com\/#\/schema\/logo\/image\/"}}]}},"_links":{"self":[{"href":"https:\/\/ladyxena-fr.com\/fr\/wp-json\/wp\/v2\/product\/378848","targetHints":{"allow":["GET"]}}],"collection":[{"href":"https:\/\/ladyxena-fr.com\/fr\/wp-json\/wp\/v2\/product"}],"about":[{"href":"https:\/\/ladyxena-fr.com\/fr\/wp-json\/wp\/v2\/types\/product"}],"wp:featuredmedia":[{"embeddable":true,"href":"https:\/\/ladyxena-fr.com\/fr\/wp-json\/wp\/v2\/media\/12381634"}],"wp:attachment":[{"href":"https:\/\/ladyxena-fr.com\/fr\/wp-json\/wp\/v2\/media?parent=378848"}],"wp:term":[{"taxonomy":"product_brand","embeddable":true,"href":"https:\/\/ladyxena-fr.com\/fr\/wp-json\/wp\/v2\/product_brand?post=378848"},{"taxonomy":"product_cat","embeddable":true,"href":"https:\/\/ladyxena-fr.com\/fr\/wp-json\/wp\/v2\/product_cat?post=378848"},{"taxonomy":"product_tag","embeddable":true,"href":"https:\/\/ladyxena-fr.com\/fr\/wp-json\/wp\/v2\/product_tag?post=378848"}],"curies":[{"name":"wp","href":"https:\/\/api.w.org\/{rel}","templated":true}]}}