{"id":378854,"date":"2023-03-07T08:45:00","date_gmt":"2023-03-07T08:45:00","guid":{"rendered":"https:\/\/ladyxena-fr.com\/escort\/celiapaname\/"},"modified":"2024-04-16T19:28:33","modified_gmt":"2024-04-16T19:28:33","slug":"celiapaname","status":"publish","type":"product","link":"https:\/\/ladyxena-fr.com\/fr\/escort\/celiapaname\/","title":{"rendered":"C\u00e9liaPaname"},"content":{"rendered":"<p>Je m&#039;appelle Celia, je suis une jeune femme parisienne c\u00e9libataire vivant en collocation avec des amies, je cherche un mec parisien lui aussi pour apprendre \u00e0 se connaitre et passer de bons moments tout simplement.<\/p>","protected":false},"excerpt":{"rendered":"<p>Je m&#039;appelle Celia, je suis une jeune femme parisienne c\u00e9libataire vivant en collocation avec des amies, je cherche un mec parisien lui aussi pour apprendre \u00e0 se connaitre et passer de bons moments tout simplement.<\/p>","protected":false},"featured_media":12373540,"template":"","meta":[],"product_brand":[],"product_cat":[2554],"product_tag":[2545,2551,2547,2543,2544,2552,2548,2546,2549,2542,2550,2553],"class_list":{"0":"post-378854","1":"product","2":"type-product","3":"status-publish","4":"has-post-thumbnail","6":"product_cat-paris-escorts","7":"product_tag-escort-dates","8":"product_tag-escort-fr","9":"product_tag-escort-sex","10":"product_tag-euro-escort","11":"product_tag-euro-girl-escort","12":"product_tag-french-escort","13":"product_tag-girl-hook-ups","14":"product_tag-hook-ups","15":"product_tag-sex-model","16":"product_tag-sexmodel","17":"product_tag-site-escort","18":"product_tag-stocking-escort","19":"pa_enjoys-escorts-who-give-blowjobs","20":"pa_enjoys-escorts-who-like-or-enjoy-big-butt","21":"pa_enjoys-escorts-who-like-or-enjoy-big-dick","22":"pa_enjoys-escorts-who-like-or-enjoy-cowgirl","23":"pa_enjoys-escorts-who-like-or-enjoy-deepthroat","24":"pa_enjoys-escorts-who-like-or-enjoy-doggy-style","25":"pa_enjoys-escorts-who-like-or-enjoy-handcuffs","26":"pa_enjoys-escorts-who-like-or-enjoy-missionary","27":"pa_enjoys-escorts-who-like-or-enjoy-muscles","28":"pa_enjoys-escorts-with-big-tits","29":"pa_enjoys-lingerie-escorts","31":"first","32":"instock","33":"shipping-taxable","34":"product-type-external"},"yoast_head":"<!-- This site is optimized with the Yoast SEO Premium plugin v22.3 (Yoast SEO v27.3) - https:\/\/yoast.com\/product\/yoast-seo-premium-wordpress\/ -->\n<title>CeliaPaname - Ladyxena<\/title>\n<meta name=\"description\" content=\"CeliaPaname is a girl that is available as an escort for you to contact. Contact CeliaPaname today. Ladyxena\" \/>\n<meta name=\"robots\" content=\"index, follow, max-snippet:-1, max-image-preview:large, max-video-preview:-1\" \/>\n<link rel=\"canonical\" href=\"https:\/\/ladyxena-fr.com\/fr\/escorte\/celiapaname\/\" \/>\n<meta property=\"og:locale\" content=\"fr_FR\" \/>\n<meta property=\"og:type\" content=\"article\" \/>\n<meta property=\"og:title\" content=\"CeliaPaname\" \/>\n<meta property=\"og:description\" content=\"CeliaPaname is a girl that is available as an escort for you to contact. Contact CeliaPaname today. Ladyxena\" \/>\n<meta property=\"og:url\" content=\"https:\/\/ladyxena-fr.com\/fr\/escorte\/celiapaname\/\" \/>\n<meta property=\"og:site_name\" content=\"Ladyxena\" \/>\n<meta property=\"article:modified_time\" content=\"2024-04-16T19:28:33+00:00\" \/>\n<meta name=\"twitter:card\" content=\"summary_large_image\" \/>\n<script type=\"application\/ld+json\" class=\"yoast-schema-graph\">{\"@context\":\"https:\\\/\\\/schema.org\",\"@graph\":[{\"@type\":\"WebPage\",\"@id\":\"https:\\\/\\\/ladyxena-fr.com\\\/escort\\\/celiapaname\\\/\",\"url\":\"https:\\\/\\\/ladyxena-fr.com\\\/escort\\\/celiapaname\\\/\",\"name\":\"CeliaPaname - Ladyxena\",\"isPartOf\":{\"@id\":\"https:\\\/\\\/ladyxena-fr.com\\\/#website\"},\"primaryImageOfPage\":{\"@id\":\"https:\\\/\\\/ladyxena-fr.com\\\/escort\\\/celiapaname\\\/#primaryimage\"},\"image\":{\"@id\":\"https:\\\/\\\/ladyxena-fr.com\\\/escort\\\/celiapaname\\\/#primaryimage\"},\"thumbnailUrl\":\"https:\\\/\\\/ladyxena-fr.com\\\/wp-content\\\/uploads\\\/2024\\\/04\\\/378854_50.jpg\",\"datePublished\":\"2023-03-07T08:45:00+00:00\",\"dateModified\":\"2024-04-16T19:28:33+00:00\",\"description\":\"CeliaPaname is a girl that is available as an escort for you to contact. Contact CeliaPaname today. Ladyxena\",\"breadcrumb\":{\"@id\":\"https:\\\/\\\/ladyxena-fr.com\\\/escort\\\/celiapaname\\\/#breadcrumb\"},\"inLanguage\":\"fr-FR\",\"potentialAction\":[{\"@type\":\"ReadAction\",\"target\":[\"https:\\\/\\\/ladyxena-fr.com\\\/escort\\\/celiapaname\\\/\"]}]},{\"@type\":\"ImageObject\",\"inLanguage\":\"fr-FR\",\"@id\":\"https:\\\/\\\/ladyxena-fr.com\\\/escort\\\/celiapaname\\\/#primaryimage\",\"url\":\"https:\\\/\\\/ladyxena-fr.com\\\/wp-content\\\/uploads\\\/2024\\\/04\\\/378854_50.jpg\",\"contentUrl\":\"https:\\\/\\\/ladyxena-fr.com\\\/wp-content\\\/uploads\\\/2024\\\/04\\\/378854_50.jpg\",\"caption\":\"CeliaPaname\"},{\"@type\":\"BreadcrumbList\",\"@id\":\"https:\\\/\\\/ladyxena-fr.com\\\/escort\\\/celiapaname\\\/#breadcrumb\",\"itemListElement\":[{\"@type\":\"ListItem\",\"position\":1,\"name\":\"Home\",\"item\":\"https:\\\/\\\/ladyxena-fr.com\\\/\"},{\"@type\":\"ListItem\",\"position\":2,\"name\":\"Ladyxena\",\"item\":\"https:\\\/\\\/ladyxena-fr.com\\\/\"},{\"@type\":\"ListItem\",\"position\":3,\"name\":\"CeliaPaname\"}]},{\"@type\":\"WebSite\",\"@id\":\"https:\\\/\\\/ladyxena-fr.com\\\/#website\",\"url\":\"https:\\\/\\\/ladyxena-fr.com\\\/\",\"name\":\"Escort WP\",\"description\":\"\",\"publisher\":{\"@id\":\"https:\\\/\\\/ladyxena-fr.com\\\/#organization\"},\"alternateName\":\"Escorts\",\"potentialAction\":[{\"@type\":\"SearchAction\",\"target\":{\"@type\":\"EntryPoint\",\"urlTemplate\":\"https:\\\/\\\/ladyxena-fr.com\\\/?s={search_term_string}\"},\"query-input\":{\"@type\":\"PropertyValueSpecification\",\"valueRequired\":true,\"valueName\":\"search_term_string\"}}],\"inLanguage\":\"fr-FR\"},{\"@type\":\"Organization\",\"@id\":\"https:\\\/\\\/ladyxena-fr.com\\\/#organization\",\"name\":\"Escort WP\",\"url\":\"https:\\\/\\\/ladyxena-fr.com\\\/\",\"logo\":{\"@type\":\"ImageObject\",\"inLanguage\":\"fr-FR\",\"@id\":\"https:\\\/\\\/ladyxena-fr.com\\\/#\\\/schema\\\/logo\\\/image\\\/\",\"url\":\"https:\\\/\\\/ladyxena-fr.com\\\/wp-content\\\/uploads\\\/2024\\\/04\\\/Ladyxena-fr.com_.png\",\"contentUrl\":\"https:\\\/\\\/ladyxena-fr.com\\\/wp-content\\\/uploads\\\/2024\\\/04\\\/Ladyxena-fr.com_.png\",\"width\":240,\"height\":62,\"caption\":\"Escort WP\"},\"image\":{\"@id\":\"https:\\\/\\\/ladyxena-fr.com\\\/#\\\/schema\\\/logo\\\/image\\\/\"}}]}<\/script>\n<!-- \/ Yoast SEO Premium plugin. -->","yoast_head_json":{"title":"CeliaPaname - Ladyxena","description":"CeliaPaname est une fille disponible comme escorte \u00e0 contacter. Contactez CeliaPaname d\u00e8s aujourd\u2019hui. Ladyxena","robots":{"index":"index","follow":"follow","max-snippet":"max-snippet:-1","max-image-preview":"max-image-preview:large","max-video-preview":"max-video-preview:-1"},"canonical":"https:\/\/ladyxena-fr.com\/fr\/escorte\/celiapaname\/","og_locale":"fr_FR","og_type":"article","og_title":"CeliaPaname","og_description":"CeliaPaname is a girl that is available as an escort for you to contact. Contact CeliaPaname today. Ladyxena","og_url":"https:\/\/ladyxena-fr.com\/fr\/escorte\/celiapaname\/","og_site_name":"Ladyxena","article_modified_time":"2024-04-16T19:28:33+00:00","twitter_card":"summary_large_image","schema":{"@context":"https:\/\/schema.org","@graph":[{"@type":"WebPage","@id":"https:\/\/ladyxena-fr.com\/escort\/celiapaname\/","url":"https:\/\/ladyxena-fr.com\/escort\/celiapaname\/","name":"CeliaPaname - Ladyxena","isPartOf":{"@id":"https:\/\/ladyxena-fr.com\/#website"},"primaryImageOfPage":{"@id":"https:\/\/ladyxena-fr.com\/escort\/celiapaname\/#primaryimage"},"image":{"@id":"https:\/\/ladyxena-fr.com\/escort\/celiapaname\/#primaryimage"},"thumbnailUrl":"https:\/\/ladyxena-fr.com\/wp-content\/uploads\/2024\/04\/378854_50.jpg","datePublished":"2023-03-07T08:45:00+00:00","dateModified":"2024-04-16T19:28:33+00:00","description":"CeliaPaname est une fille disponible comme escorte \u00e0 contacter. Contactez CeliaPaname d\u00e8s aujourd\u2019hui. Ladyxena","breadcrumb":{"@id":"https:\/\/ladyxena-fr.com\/escort\/celiapaname\/#breadcrumb"},"inLanguage":"fr-FR","potentialAction":[{"@type":"ReadAction","target":["https:\/\/ladyxena-fr.com\/escort\/celiapaname\/"]}]},{"@type":"ImageObject","inLanguage":"fr-FR","@id":"https:\/\/ladyxena-fr.com\/escort\/celiapaname\/#primaryimage","url":"https:\/\/ladyxena-fr.com\/wp-content\/uploads\/2024\/04\/378854_50.jpg","contentUrl":"https:\/\/ladyxena-fr.com\/wp-content\/uploads\/2024\/04\/378854_50.jpg","caption":"CeliaPaname"},{"@type":"BreadcrumbList","@id":"https:\/\/ladyxena-fr.com\/escort\/celiapaname\/#breadcrumb","itemListElement":[{"@type":"ListItem","position":1,"name":"Home","item":"https:\/\/ladyxena-fr.com\/"},{"@type":"ListItem","position":2,"name":"Ladyxena","item":"https:\/\/ladyxena-fr.com\/"},{"@type":"ListItem","position":3,"name":"CeliaPaname"}]},{"@type":"WebSite","@id":"https:\/\/ladyxena-fr.com\/#website","url":"https:\/\/ladyxena-fr.com\/","name":"Escorte WP","description":"","publisher":{"@id":"https:\/\/ladyxena-fr.com\/#organization"},"alternateName":"Escorts","potentialAction":[{"@type":"SearchAction","target":{"@type":"EntryPoint","urlTemplate":"https:\/\/ladyxena-fr.com\/?s={search_term_string}"},"query-input":{"@type":"PropertyValueSpecification","valueRequired":true,"valueName":"search_term_string"}}],"inLanguage":"fr-FR"},{"@type":"Organization","@id":"https:\/\/ladyxena-fr.com\/#organization","name":"Escorte WP","url":"https:\/\/ladyxena-fr.com\/","logo":{"@type":"ImageObject","inLanguage":"fr-FR","@id":"https:\/\/ladyxena-fr.com\/#\/schema\/logo\/image\/","url":"https:\/\/ladyxena-fr.com\/wp-content\/uploads\/2024\/04\/Ladyxena-fr.com_.png","contentUrl":"https:\/\/ladyxena-fr.com\/wp-content\/uploads\/2024\/04\/Ladyxena-fr.com_.png","width":240,"height":62,"caption":"Escort WP"},"image":{"@id":"https:\/\/ladyxena-fr.com\/#\/schema\/logo\/image\/"}}]}},"_links":{"self":[{"href":"https:\/\/ladyxena-fr.com\/fr\/wp-json\/wp\/v2\/product\/378854","targetHints":{"allow":["GET"]}}],"collection":[{"href":"https:\/\/ladyxena-fr.com\/fr\/wp-json\/wp\/v2\/product"}],"about":[{"href":"https:\/\/ladyxena-fr.com\/fr\/wp-json\/wp\/v2\/types\/product"}],"wp:featuredmedia":[{"embeddable":true,"href":"https:\/\/ladyxena-fr.com\/fr\/wp-json\/wp\/v2\/media\/12373540"}],"wp:attachment":[{"href":"https:\/\/ladyxena-fr.com\/fr\/wp-json\/wp\/v2\/media?parent=378854"}],"wp:term":[{"taxonomy":"product_brand","embeddable":true,"href":"https:\/\/ladyxena-fr.com\/fr\/wp-json\/wp\/v2\/product_brand?post=378854"},{"taxonomy":"product_cat","embeddable":true,"href":"https:\/\/ladyxena-fr.com\/fr\/wp-json\/wp\/v2\/product_cat?post=378854"},{"taxonomy":"product_tag","embeddable":true,"href":"https:\/\/ladyxena-fr.com\/fr\/wp-json\/wp\/v2\/product_tag?post=378854"}],"curies":[{"name":"wp","href":"https:\/\/api.w.org\/{rel}","templated":true}]}}