{"id":379003,"date":"2024-12-16T07:00:46","date_gmt":"2024-12-16T07:00:46","guid":{"rendered":"https:\/\/ladyxena-fr.com\/?post_type=product&#038;p=379003"},"modified":"2024-12-16T07:00:46","modified_gmt":"2024-12-16T07:00:46","slug":"xoxokellyxoxo","status":"publish","type":"product","link":"https:\/\/ladyxena-fr.com\/fr\/escort\/xoxokellyxoxo\/","title":{"rendered":"xoxoKellyxoxo"},"content":{"rendered":"<p>Salut je m&#039;appelle Kelly, je vis depuis quelques temps \u00e0 Toulouse mais je suis \u00e0 moiti\u00e9 am\u00e9ricaine, comme vous pouvez le voir \u00e0 ma carrosserie hahaha, je recherche un mec pour passer du bon temps, sans se prendre la t\u00eate, que le meilleur , c&#039;est-\u00e0-dire baiser hahaha, j&#039;adore \u00e7a, il me faut une file d&#039;attente tout les jours oblig\u00e9s, sinon je me sens pas bien. A bientot j&#039;esp\u00e8re<\/p>","protected":false},"excerpt":{"rendered":"<p>Salut je m&#8217;appelle Kelly, je vis depuis quelques temps \u00e0 Toulouse mais je suis \u00e0 moiti\u00e9 am\u00e9ricaine, comme vous pouvez le voir \u00e0 ma carrosserie hahaha, je recherche un mec pour passer du bon temps, sans se prendre la tete, que le meilleur, c&#8217;est-\u00e0-dire baiser hahaha, j&#8217;adore \u00e7a, il me faut une queue tout les &hellip; <a href=\"https:\/\/ladyxena-fr.com\/fr\/escort\/xoxokellyxoxo\/\" class=\"more-link\">Continue reading <span class=\"screen-reader-text\">xoxoKellyxoxo<\/span><\/a><\/p>","protected":false},"featured_media":12379038,"template":"","meta":[],"product_brand":[],"product_cat":[2571],"product_tag":[2545,2551,2547,2543,2544,2552,2548,2546,2549,2542,2550,2553],"class_list":{"0":"post-379003","1":"product","2":"type-product","3":"status-publish","4":"has-post-thumbnail","6":"product_cat-toulouse-escorts","7":"product_tag-escort-dates","8":"product_tag-escort-fr","9":"product_tag-escort-sex","10":"product_tag-euro-escort","11":"product_tag-euro-girl-escort","12":"product_tag-french-escort","13":"product_tag-girl-hook-ups","14":"product_tag-hook-ups","15":"product_tag-sex-model","16":"product_tag-sexmodel","17":"product_tag-site-escort","18":"product_tag-stocking-escort","19":"pa_enjoys-escorts-who-like-or-enjoy-69","20":"pa_enjoys-escorts-who-like-or-enjoy-anal","21":"pa_enjoys-escorts-who-like-or-enjoy-being-dominated","22":"pa_enjoys-escorts-who-like-or-enjoy-big-dick","23":"pa_enjoys-escorts-who-like-or-enjoy-no-condom","24":"pa_enjoys-escorts-who-like-or-enjoy-nylon","25":"pa_enjoys-escorts-who-like-or-enjoy-oral-sex","26":"pa_enjoys-escorts-who-like-or-enjoy-romantic","27":"pa_enjoys-escorts-who-like-or-enjoy-spooning","28":"pa_enjoys-escorts-who-like-or-enjoy-straight-sex","29":"pa_enjoys-escorts-who-like-or-enjoy-swallow","30":"pa_enjoys-escorts-who-like-or-enjoy-teasing","31":"pa_enjoys-escorts-who-like-or-enjoy-threesome","32":"pa_enjoys-escorts-who-like-or-enjoy-voyeur","34":"first","35":"instock","36":"shipping-taxable","37":"product-type-external"},"yoast_head":"<!-- This site is optimized with the Yoast SEO Premium plugin v22.3 (Yoast SEO v27.0) - https:\/\/yoast.com\/product\/yoast-seo-premium-wordpress\/ -->\n<title>xoxoKellyxoxo - Ladyxena<\/title>\n<meta name=\"description\" content=\"xoxoKellyxoxo is a girl that is available as an escort for you to contact. Contact xoxoKellyxoxo today. Ladyxena\" \/>\n<meta name=\"robots\" content=\"index, follow, max-snippet:-1, max-image-preview:large, max-video-preview:-1\" \/>\n<link rel=\"canonical\" href=\"https:\/\/ladyxena-fr.com\/fr\/escorte\/xoxokellyxoxo\/\" \/>\n<meta property=\"og:locale\" content=\"fr_FR\" \/>\n<meta property=\"og:type\" content=\"article\" \/>\n<meta property=\"og:title\" content=\"xoxoKellyxoxo\" \/>\n<meta property=\"og:description\" content=\"xoxoKellyxoxo is a girl that is available as an escort for you to contact. Contact xoxoKellyxoxo today. Ladyxena\" \/>\n<meta property=\"og:url\" content=\"https:\/\/ladyxena-fr.com\/fr\/escorte\/xoxokellyxoxo\/\" \/>\n<meta property=\"og:site_name\" content=\"Ladyxena\" \/>\n<meta property=\"og:image\" content=\"https:\/\/ladyxena-fr.com\/wp-content\/uploads\/2024\/04\/379003_50.jpg\" \/>\n\t<meta property=\"og:image:width\" content=\"270\" \/>\n\t<meta property=\"og:image:height\" content=\"400\" \/>\n\t<meta property=\"og:image:type\" content=\"image\/jpeg\" \/>\n<meta name=\"twitter:card\" content=\"summary_large_image\" \/>\n<script type=\"application\/ld+json\" class=\"yoast-schema-graph\">{\"@context\":\"https:\/\/schema.org\",\"@graph\":[{\"@type\":\"WebPage\",\"@id\":\"https:\/\/ladyxena-fr.com\/escort\/xoxokellyxoxo\/\",\"url\":\"https:\/\/ladyxena-fr.com\/escort\/xoxokellyxoxo\/\",\"name\":\"xoxoKellyxoxo - Ladyxena\",\"isPartOf\":{\"@id\":\"https:\/\/ladyxena-fr.com\/#website\"},\"primaryImageOfPage\":{\"@id\":\"https:\/\/ladyxena-fr.com\/escort\/xoxokellyxoxo\/#primaryimage\"},\"image\":{\"@id\":\"https:\/\/ladyxena-fr.com\/escort\/xoxokellyxoxo\/#primaryimage\"},\"thumbnailUrl\":\"https:\/\/ladyxena-fr.com\/wp-content\/uploads\/2024\/04\/379003_50.jpg\",\"datePublished\":\"2024-12-16T07:00:46+00:00\",\"description\":\"xoxoKellyxoxo is a girl that is available as an escort for you to contact. Contact xoxoKellyxoxo today. Ladyxena\",\"breadcrumb\":{\"@id\":\"https:\/\/ladyxena-fr.com\/escort\/xoxokellyxoxo\/#breadcrumb\"},\"inLanguage\":\"fr-FR\",\"potentialAction\":[{\"@type\":\"ReadAction\",\"target\":[\"https:\/\/ladyxena-fr.com\/escort\/xoxokellyxoxo\/\"]}]},{\"@type\":\"ImageObject\",\"inLanguage\":\"fr-FR\",\"@id\":\"https:\/\/ladyxena-fr.com\/escort\/xoxokellyxoxo\/#primaryimage\",\"url\":\"https:\/\/ladyxena-fr.com\/wp-content\/uploads\/2024\/04\/379003_50.jpg\",\"contentUrl\":\"https:\/\/ladyxena-fr.com\/wp-content\/uploads\/2024\/04\/379003_50.jpg\",\"width\":270,\"height\":400,\"caption\":\"xoxoKellyxoxo\"},{\"@type\":\"BreadcrumbList\",\"@id\":\"https:\/\/ladyxena-fr.com\/escort\/xoxokellyxoxo\/#breadcrumb\",\"itemListElement\":[{\"@type\":\"ListItem\",\"position\":1,\"name\":\"Home\",\"item\":\"https:\/\/ladyxena-fr.com\/\"},{\"@type\":\"ListItem\",\"position\":2,\"name\":\"Ladyxena\",\"item\":\"https:\/\/ladyxena-fr.com\/\"},{\"@type\":\"ListItem\",\"position\":3,\"name\":\"xoxoKellyxoxo\"}]},{\"@type\":\"WebSite\",\"@id\":\"https:\/\/ladyxena-fr.com\/#website\",\"url\":\"https:\/\/ladyxena-fr.com\/\",\"name\":\"Escort WP\",\"description\":\"\",\"publisher\":{\"@id\":\"https:\/\/ladyxena-fr.com\/#organization\"},\"alternateName\":\"Escorts\",\"potentialAction\":[{\"@type\":\"SearchAction\",\"target\":{\"@type\":\"EntryPoint\",\"urlTemplate\":\"https:\/\/ladyxena-fr.com\/?s={search_term_string}\"},\"query-input\":{\"@type\":\"PropertyValueSpecification\",\"valueRequired\":true,\"valueName\":\"search_term_string\"}}],\"inLanguage\":\"fr-FR\"},{\"@type\":\"Organization\",\"@id\":\"https:\/\/ladyxena-fr.com\/#organization\",\"name\":\"Escort WP\",\"url\":\"https:\/\/ladyxena-fr.com\/\",\"logo\":{\"@type\":\"ImageObject\",\"inLanguage\":\"fr-FR\",\"@id\":\"https:\/\/ladyxena-fr.com\/#\/schema\/logo\/image\/\",\"url\":\"https:\/\/ladyxena-fr.com\/wp-content\/uploads\/2024\/04\/Ladyxena-fr.com_.png\",\"contentUrl\":\"https:\/\/ladyxena-fr.com\/wp-content\/uploads\/2024\/04\/Ladyxena-fr.com_.png\",\"width\":240,\"height\":62,\"caption\":\"Escort WP\"},\"image\":{\"@id\":\"https:\/\/ladyxena-fr.com\/#\/schema\/logo\/image\/\"}}]}<\/script>\n<!-- \/ Yoast SEO Premium plugin. -->","yoast_head_json":{"title":"xoxoKellyxoxo - Ladyxena","description":"xoxoKellyxoxo est une fille qui est disponible en tant qu&#039;escorte pour que vous puissiez la contacter. Contactez xoxoKellyxoxo d\u00e8s aujourd&#039;hui. Ladyxena","robots":{"index":"index","follow":"follow","max-snippet":"max-snippet:-1","max-image-preview":"max-image-preview:large","max-video-preview":"max-video-preview:-1"},"canonical":"https:\/\/ladyxena-fr.com\/fr\/escorte\/xoxokellyxoxo\/","og_locale":"fr_FR","og_type":"article","og_title":"xoxoKellyxoxo","og_description":"xoxoKellyxoxo is a girl that is available as an escort for you to contact. Contact xoxoKellyxoxo today. Ladyxena","og_url":"https:\/\/ladyxena-fr.com\/fr\/escorte\/xoxokellyxoxo\/","og_site_name":"Ladyxena","og_image":[{"width":270,"height":400,"url":"https:\/\/ladyxena-fr.com\/wp-content\/uploads\/2024\/04\/379003_50.jpg","type":"image\/jpeg"}],"twitter_card":"summary_large_image","schema":{"@context":"https:\/\/schema.org","@graph":[{"@type":"WebPage","@id":"https:\/\/ladyxena-fr.com\/escort\/xoxokellyxoxo\/","url":"https:\/\/ladyxena-fr.com\/escort\/xoxokellyxoxo\/","name":"xoxoKellyxoxo - Ladyxena","isPartOf":{"@id":"https:\/\/ladyxena-fr.com\/#website"},"primaryImageOfPage":{"@id":"https:\/\/ladyxena-fr.com\/escort\/xoxokellyxoxo\/#primaryimage"},"image":{"@id":"https:\/\/ladyxena-fr.com\/escort\/xoxokellyxoxo\/#primaryimage"},"thumbnailUrl":"https:\/\/ladyxena-fr.com\/wp-content\/uploads\/2024\/04\/379003_50.jpg","datePublished":"2024-12-16T07:00:46+00:00","description":"xoxoKellyxoxo est une fille qui est disponible en tant qu&#039;escorte pour que vous puissiez la contacter. Contactez xoxoKellyxoxo d\u00e8s aujourd&#039;hui. Ladyxena","breadcrumb":{"@id":"https:\/\/ladyxena-fr.com\/escort\/xoxokellyxoxo\/#breadcrumb"},"inLanguage":"fr-FR","potentialAction":[{"@type":"ReadAction","target":["https:\/\/ladyxena-fr.com\/escort\/xoxokellyxoxo\/"]}]},{"@type":"ImageObject","inLanguage":"fr-FR","@id":"https:\/\/ladyxena-fr.com\/escort\/xoxokellyxoxo\/#primaryimage","url":"https:\/\/ladyxena-fr.com\/wp-content\/uploads\/2024\/04\/379003_50.jpg","contentUrl":"https:\/\/ladyxena-fr.com\/wp-content\/uploads\/2024\/04\/379003_50.jpg","width":270,"height":400,"caption":"xoxoKellyxoxo"},{"@type":"BreadcrumbList","@id":"https:\/\/ladyxena-fr.com\/escort\/xoxokellyxoxo\/#breadcrumb","itemListElement":[{"@type":"ListItem","position":1,"name":"Home","item":"https:\/\/ladyxena-fr.com\/"},{"@type":"ListItem","position":2,"name":"Ladyxena","item":"https:\/\/ladyxena-fr.com\/"},{"@type":"ListItem","position":3,"name":"xoxoKellyxoxo"}]},{"@type":"WebSite","@id":"https:\/\/ladyxena-fr.com\/#website","url":"https:\/\/ladyxena-fr.com\/","name":"Escorte WP","description":"","publisher":{"@id":"https:\/\/ladyxena-fr.com\/#organization"},"alternateName":"Escorts","potentialAction":[{"@type":"SearchAction","target":{"@type":"EntryPoint","urlTemplate":"https:\/\/ladyxena-fr.com\/?s={search_term_string}"},"query-input":{"@type":"PropertyValueSpecification","valueRequired":true,"valueName":"search_term_string"}}],"inLanguage":"fr-FR"},{"@type":"Organization","@id":"https:\/\/ladyxena-fr.com\/#organization","name":"Escorte WP","url":"https:\/\/ladyxena-fr.com\/","logo":{"@type":"ImageObject","inLanguage":"fr-FR","@id":"https:\/\/ladyxena-fr.com\/#\/schema\/logo\/image\/","url":"https:\/\/ladyxena-fr.com\/wp-content\/uploads\/2024\/04\/Ladyxena-fr.com_.png","contentUrl":"https:\/\/ladyxena-fr.com\/wp-content\/uploads\/2024\/04\/Ladyxena-fr.com_.png","width":240,"height":62,"caption":"Escort WP"},"image":{"@id":"https:\/\/ladyxena-fr.com\/#\/schema\/logo\/image\/"}}]}},"_links":{"self":[{"href":"https:\/\/ladyxena-fr.com\/fr\/wp-json\/wp\/v2\/product\/379003","targetHints":{"allow":["GET"]}}],"collection":[{"href":"https:\/\/ladyxena-fr.com\/fr\/wp-json\/wp\/v2\/product"}],"about":[{"href":"https:\/\/ladyxena-fr.com\/fr\/wp-json\/wp\/v2\/types\/product"}],"wp:featuredmedia":[{"embeddable":true,"href":"https:\/\/ladyxena-fr.com\/fr\/wp-json\/wp\/v2\/media\/12379038"}],"wp:attachment":[{"href":"https:\/\/ladyxena-fr.com\/fr\/wp-json\/wp\/v2\/media?parent=379003"}],"wp:term":[{"taxonomy":"product_brand","embeddable":true,"href":"https:\/\/ladyxena-fr.com\/fr\/wp-json\/wp\/v2\/product_brand?post=379003"},{"taxonomy":"product_cat","embeddable":true,"href":"https:\/\/ladyxena-fr.com\/fr\/wp-json\/wp\/v2\/product_cat?post=379003"},{"taxonomy":"product_tag","embeddable":true,"href":"https:\/\/ladyxena-fr.com\/fr\/wp-json\/wp\/v2\/product_tag?post=379003"}],"curies":[{"name":"wp","href":"https:\/\/api.w.org\/{rel}","templated":true}]}}