{"id":379043,"date":"2025-01-04T07:03:40","date_gmt":"2025-01-04T07:03:40","guid":{"rendered":"https:\/\/ladyxena-fr.com\/?post_type=product&#038;p=379043"},"modified":"2025-01-04T07:03:40","modified_gmt":"2025-01-04T07:03:40","slug":"naidedesiles","status":"publish","type":"product","link":"https:\/\/ladyxena-fr.com\/fr\/escort\/naidedesiles\/","title":{"rendered":"Naide Des \u00celes"},"content":{"rendered":"<p>Je suis telle une sir\u00e8ne charmante les marins, j&#039;aime s\u00e9duire les hommes, meme si j&#039;en ai d\u00e9j\u00e0 un! Pourquoi se contenter d&#039;un seul quand il y en a tellement plein de charmant\u2026\u2026<\/p>","protected":false},"excerpt":{"rendered":"<p>Je suis telle une sir\u00e8ne charmante les marins, j&#039;aime s\u00e9duire les hommes, meme si j&#039;en ai d\u00e9j\u00e0 un! Pourquoi se contenter d&#039;un seul quand il y en a tellement plein de charmant\u2026\u2026<\/p>","protected":false},"featured_media":12381469,"template":"","meta":[],"product_brand":[],"product_cat":[2554],"product_tag":[2545,2551,2547,2543,2544,2552,2548,2546,2549,2542,2550,2553],"class_list":{"0":"post-379043","1":"product","2":"type-product","3":"status-publish","4":"has-post-thumbnail","6":"product_cat-paris-escorts","7":"product_tag-escort-dates","8":"product_tag-escort-fr","9":"product_tag-escort-sex","10":"product_tag-euro-escort","11":"product_tag-euro-girl-escort","12":"product_tag-french-escort","13":"product_tag-girl-hook-ups","14":"product_tag-hook-ups","15":"product_tag-sex-model","16":"product_tag-sexmodel","17":"product_tag-site-escort","18":"product_tag-stocking-escort","19":"pa_enjoys-escorts-who-give-blowjobs","20":"pa_enjoys-escorts-who-like-or-enjoy-big-dick","21":"pa_enjoys-escorts-who-like-or-enjoy-long-foreplay","22":"pa_enjoys-escorts-who-like-or-enjoy-role-play","23":"pa_enjoys-escorts-who-like-or-enjoy-shaved","24":"pa_enjoys-escorts-who-like-or-enjoy-uniform","25":"pa_enjoys-massage-escorts","27":"first","28":"instock","29":"shipping-taxable","30":"product-type-external"},"yoast_head":"<!-- This site is optimized with the Yoast SEO Premium plugin v22.3 (Yoast SEO v27.3) - https:\/\/yoast.com\/product\/yoast-seo-premium-wordpress\/ -->\n<title>NaideDesIles - Ladyxena<\/title>\n<meta name=\"description\" content=\"NaideDesIles is a girl that is available as an escort for you to contact. Contact NaideDesIles today. Ladyxena\" \/>\n<meta name=\"robots\" content=\"index, follow, max-snippet:-1, max-image-preview:large, max-video-preview:-1\" \/>\n<link rel=\"canonical\" href=\"https:\/\/ladyxena-fr.com\/fr\/escorte\/naidedesiles\/\" \/>\n<meta property=\"og:locale\" content=\"fr_FR\" \/>\n<meta property=\"og:type\" content=\"article\" \/>\n<meta property=\"og:title\" content=\"NaideDesIles\" \/>\n<meta property=\"og:description\" content=\"NaideDesIles is a girl that is available as an escort for you to contact. Contact NaideDesIles today. Ladyxena\" \/>\n<meta property=\"og:url\" content=\"https:\/\/ladyxena-fr.com\/fr\/escorte\/naidedesiles\/\" \/>\n<meta property=\"og:site_name\" content=\"Ladyxena\" \/>\n<meta property=\"og:image\" content=\"https:\/\/ladyxena-fr.com\/wp-content\/uploads\/2024\/04\/379043_50.jpg\" \/>\n\t<meta property=\"og:image:width\" content=\"1\" \/>\n\t<meta property=\"og:image:height\" content=\"1\" \/>\n\t<meta property=\"og:image:type\" content=\"image\/jpeg\" \/>\n<meta name=\"twitter:card\" content=\"summary_large_image\" \/>\n<script type=\"application\/ld+json\" class=\"yoast-schema-graph\">{\"@context\":\"https:\\\/\\\/schema.org\",\"@graph\":[{\"@type\":\"WebPage\",\"@id\":\"https:\\\/\\\/ladyxena-fr.com\\\/escort\\\/naidedesiles\\\/\",\"url\":\"https:\\\/\\\/ladyxena-fr.com\\\/escort\\\/naidedesiles\\\/\",\"name\":\"NaideDesIles - Ladyxena\",\"isPartOf\":{\"@id\":\"https:\\\/\\\/ladyxena-fr.com\\\/#website\"},\"primaryImageOfPage\":{\"@id\":\"https:\\\/\\\/ladyxena-fr.com\\\/escort\\\/naidedesiles\\\/#primaryimage\"},\"image\":{\"@id\":\"https:\\\/\\\/ladyxena-fr.com\\\/escort\\\/naidedesiles\\\/#primaryimage\"},\"thumbnailUrl\":\"https:\\\/\\\/ladyxena-fr.com\\\/wp-content\\\/uploads\\\/2024\\\/04\\\/379043_50.jpg\",\"datePublished\":\"2025-01-04T07:03:40+00:00\",\"description\":\"NaideDesIles is a girl that is available as an escort for you to contact. Contact NaideDesIles today. Ladyxena\",\"breadcrumb\":{\"@id\":\"https:\\\/\\\/ladyxena-fr.com\\\/escort\\\/naidedesiles\\\/#breadcrumb\"},\"inLanguage\":\"fr-FR\",\"potentialAction\":[{\"@type\":\"ReadAction\",\"target\":[\"https:\\\/\\\/ladyxena-fr.com\\\/escort\\\/naidedesiles\\\/\"]}]},{\"@type\":\"ImageObject\",\"inLanguage\":\"fr-FR\",\"@id\":\"https:\\\/\\\/ladyxena-fr.com\\\/escort\\\/naidedesiles\\\/#primaryimage\",\"url\":\"https:\\\/\\\/ladyxena-fr.com\\\/wp-content\\\/uploads\\\/2024\\\/04\\\/379043_50.jpg\",\"contentUrl\":\"https:\\\/\\\/ladyxena-fr.com\\\/wp-content\\\/uploads\\\/2024\\\/04\\\/379043_50.jpg\",\"caption\":\"NaideDesIles\"},{\"@type\":\"BreadcrumbList\",\"@id\":\"https:\\\/\\\/ladyxena-fr.com\\\/escort\\\/naidedesiles\\\/#breadcrumb\",\"itemListElement\":[{\"@type\":\"ListItem\",\"position\":1,\"name\":\"Home\",\"item\":\"https:\\\/\\\/ladyxena-fr.com\\\/\"},{\"@type\":\"ListItem\",\"position\":2,\"name\":\"Ladyxena\",\"item\":\"https:\\\/\\\/ladyxena-fr.com\\\/\"},{\"@type\":\"ListItem\",\"position\":3,\"name\":\"NaideDesIles\"}]},{\"@type\":\"WebSite\",\"@id\":\"https:\\\/\\\/ladyxena-fr.com\\\/#website\",\"url\":\"https:\\\/\\\/ladyxena-fr.com\\\/\",\"name\":\"Escort WP\",\"description\":\"\",\"publisher\":{\"@id\":\"https:\\\/\\\/ladyxena-fr.com\\\/#organization\"},\"alternateName\":\"Escorts\",\"potentialAction\":[{\"@type\":\"SearchAction\",\"target\":{\"@type\":\"EntryPoint\",\"urlTemplate\":\"https:\\\/\\\/ladyxena-fr.com\\\/?s={search_term_string}\"},\"query-input\":{\"@type\":\"PropertyValueSpecification\",\"valueRequired\":true,\"valueName\":\"search_term_string\"}}],\"inLanguage\":\"fr-FR\"},{\"@type\":\"Organization\",\"@id\":\"https:\\\/\\\/ladyxena-fr.com\\\/#organization\",\"name\":\"Escort WP\",\"url\":\"https:\\\/\\\/ladyxena-fr.com\\\/\",\"logo\":{\"@type\":\"ImageObject\",\"inLanguage\":\"fr-FR\",\"@id\":\"https:\\\/\\\/ladyxena-fr.com\\\/#\\\/schema\\\/logo\\\/image\\\/\",\"url\":\"https:\\\/\\\/ladyxena-fr.com\\\/wp-content\\\/uploads\\\/2024\\\/04\\\/Ladyxena-fr.com_.png\",\"contentUrl\":\"https:\\\/\\\/ladyxena-fr.com\\\/wp-content\\\/uploads\\\/2024\\\/04\\\/Ladyxena-fr.com_.png\",\"width\":240,\"height\":62,\"caption\":\"Escort WP\"},\"image\":{\"@id\":\"https:\\\/\\\/ladyxena-fr.com\\\/#\\\/schema\\\/logo\\\/image\\\/\"}}]}<\/script>\n<!-- \/ Yoast SEO Premium plugin. -->","yoast_head_json":{"title":"NaideDesIles - Ladyxena","description":"NaideDesIles est une fille disponible comme escorte \u00e0 contacter. Contactez NaideDesIles d\u00e8s aujourd\u2019hui. Ladyxena","robots":{"index":"index","follow":"follow","max-snippet":"max-snippet:-1","max-image-preview":"max-image-preview:large","max-video-preview":"max-video-preview:-1"},"canonical":"https:\/\/ladyxena-fr.com\/fr\/escorte\/naidedesiles\/","og_locale":"fr_FR","og_type":"article","og_title":"NaideDesIles","og_description":"NaideDesIles is a girl that is available as an escort for you to contact. Contact NaideDesIles today. Ladyxena","og_url":"https:\/\/ladyxena-fr.com\/fr\/escorte\/naidedesiles\/","og_site_name":"Ladyxena","og_image":[{"url":"https:\/\/ladyxena-fr.com\/wp-content\/uploads\/2024\/04\/379043_50.jpg","width":1,"height":1,"type":"image\/jpeg"}],"twitter_card":"summary_large_image","schema":{"@context":"https:\/\/schema.org","@graph":[{"@type":"WebPage","@id":"https:\/\/ladyxena-fr.com\/escort\/naidedesiles\/","url":"https:\/\/ladyxena-fr.com\/escort\/naidedesiles\/","name":"NaideDesIles - Ladyxena","isPartOf":{"@id":"https:\/\/ladyxena-fr.com\/#website"},"primaryImageOfPage":{"@id":"https:\/\/ladyxena-fr.com\/escort\/naidedesiles\/#primaryimage"},"image":{"@id":"https:\/\/ladyxena-fr.com\/escort\/naidedesiles\/#primaryimage"},"thumbnailUrl":"https:\/\/ladyxena-fr.com\/wp-content\/uploads\/2024\/04\/379043_50.jpg","datePublished":"2025-01-04T07:03:40+00:00","description":"NaideDesIles est une fille disponible comme escorte \u00e0 contacter. Contactez NaideDesIles d\u00e8s aujourd\u2019hui. Ladyxena","breadcrumb":{"@id":"https:\/\/ladyxena-fr.com\/escort\/naidedesiles\/#breadcrumb"},"inLanguage":"fr-FR","potentialAction":[{"@type":"ReadAction","target":["https:\/\/ladyxena-fr.com\/escort\/naidedesiles\/"]}]},{"@type":"ImageObject","inLanguage":"fr-FR","@id":"https:\/\/ladyxena-fr.com\/escort\/naidedesiles\/#primaryimage","url":"https:\/\/ladyxena-fr.com\/wp-content\/uploads\/2024\/04\/379043_50.jpg","contentUrl":"https:\/\/ladyxena-fr.com\/wp-content\/uploads\/2024\/04\/379043_50.jpg","caption":"NaideDesIles"},{"@type":"BreadcrumbList","@id":"https:\/\/ladyxena-fr.com\/escort\/naidedesiles\/#breadcrumb","itemListElement":[{"@type":"ListItem","position":1,"name":"Home","item":"https:\/\/ladyxena-fr.com\/"},{"@type":"ListItem","position":2,"name":"Ladyxena","item":"https:\/\/ladyxena-fr.com\/"},{"@type":"ListItem","position":3,"name":"NaideDesIles"}]},{"@type":"WebSite","@id":"https:\/\/ladyxena-fr.com\/#website","url":"https:\/\/ladyxena-fr.com\/","name":"Escorte WP","description":"","publisher":{"@id":"https:\/\/ladyxena-fr.com\/#organization"},"alternateName":"Escorts","potentialAction":[{"@type":"SearchAction","target":{"@type":"EntryPoint","urlTemplate":"https:\/\/ladyxena-fr.com\/?s={search_term_string}"},"query-input":{"@type":"PropertyValueSpecification","valueRequired":true,"valueName":"search_term_string"}}],"inLanguage":"fr-FR"},{"@type":"Organization","@id":"https:\/\/ladyxena-fr.com\/#organization","name":"Escorte WP","url":"https:\/\/ladyxena-fr.com\/","logo":{"@type":"ImageObject","inLanguage":"fr-FR","@id":"https:\/\/ladyxena-fr.com\/#\/schema\/logo\/image\/","url":"https:\/\/ladyxena-fr.com\/wp-content\/uploads\/2024\/04\/Ladyxena-fr.com_.png","contentUrl":"https:\/\/ladyxena-fr.com\/wp-content\/uploads\/2024\/04\/Ladyxena-fr.com_.png","width":240,"height":62,"caption":"Escort WP"},"image":{"@id":"https:\/\/ladyxena-fr.com\/#\/schema\/logo\/image\/"}}]}},"_links":{"self":[{"href":"https:\/\/ladyxena-fr.com\/fr\/wp-json\/wp\/v2\/product\/379043","targetHints":{"allow":["GET"]}}],"collection":[{"href":"https:\/\/ladyxena-fr.com\/fr\/wp-json\/wp\/v2\/product"}],"about":[{"href":"https:\/\/ladyxena-fr.com\/fr\/wp-json\/wp\/v2\/types\/product"}],"wp:featuredmedia":[{"embeddable":true,"href":"https:\/\/ladyxena-fr.com\/fr\/wp-json\/wp\/v2\/media\/12381469"}],"wp:attachment":[{"href":"https:\/\/ladyxena-fr.com\/fr\/wp-json\/wp\/v2\/media?parent=379043"}],"wp:term":[{"taxonomy":"product_brand","embeddable":true,"href":"https:\/\/ladyxena-fr.com\/fr\/wp-json\/wp\/v2\/product_brand?post=379043"},{"taxonomy":"product_cat","embeddable":true,"href":"https:\/\/ladyxena-fr.com\/fr\/wp-json\/wp\/v2\/product_cat?post=379043"},{"taxonomy":"product_tag","embeddable":true,"href":"https:\/\/ladyxena-fr.com\/fr\/wp-json\/wp\/v2\/product_tag?post=379043"}],"curies":[{"name":"wp","href":"https:\/\/api.w.org\/{rel}","templated":true}]}}